  {"id":486,"date":"2017-12-26T14:01:35","date_gmt":"2017-12-26T07:01:35","guid":{"rendered":"http:\/\/localhost\/vietmywood\/?page_id=486"},"modified":"2018-03-03T13:17:35","modified_gmt":"2018-03-03T06:17:35","slug":"tuyen-dung","status":"publish","type":"page","link":"\/?page_id=486","title":{"rendered":"Tuy\u1ec3n D\u1ee5ng"},"content":{"rendered":"<p>C\u1ea7n tuy\u1ec3n NV Kinh Doanh g\u1ed7.<\/p>\n<h3>M\u00d4 T\u1ea2 C\u00d4NG VI\u1ec6C<\/h3>\n<div class=\"description\">&#8211; T\u01b0 v\u1ea5n s\u1ea3n ph\u1ea9m cho kh\u00e1ch h\u00e0ng<br \/>\n&#8211; B\u00e1o gi\u00e1, \u0111\u00e0m ph\u00e1n, k\u00ed k\u1ebft h\u1ee3p \u0111\u1ed3ng, theo d\u00f5i ti\u1ebfn \u0111\u1ed9<br \/>\n&#8211; Gi\u1ea3i quy\u1ebft khi\u1ebfu n\u1ea1i, thu h\u1ed3i c\u00f4ng n\u1ee3<br \/>\n&#8211; Ch\u0103m s\u00f3c kh\u00e1ch h\u00e0ng<br \/>\n&#8211; L\u1eadp k\u1ebf ho\u1ea1ch b\u00e1n h\u00e0ng, g\u1eb7p g\u1ee1 kh\u00e1ch h\u00e0ng<br \/>\n&#8211; Ph\u00e2n t\u00edch th\u1ecb tr\u01b0\u1eddng, kh\u00e1ch h\u00e0ng ti\u1ec1m n\u0103ng, \u0111\u1ec1 xu\u1ea5t gi\u1ea3i ph\u00e1p b\u00e1n h\u00e0ng<br \/>\n&#8211; B\u00e1o c\u00e1o theo y\u00eau c\u1ea7u<br \/>\n&#8211; C\u00f4ng vi\u1ec7c c\u1ee5 th\u1ec3 s\u1ebd trao \u0111\u1ed5i khi ph\u1ecfng v\u1ea5n<\/div>\n<div>\n<h3>Y\u00caU C\u1ea6U C\u00d4NG VI\u1ec6C<\/h3>\n<div class=\"requirements\">&#8211; S\u1ed1 l\u01b0\u1ee3ng: 03<br \/>\n&#8211; Nam \/ N\u1eef tu\u1ed5i t\u1eeb 22 \u2013 30<br \/>\n&#8211; L\u00e0m vi\u1ec7c t\u1ea1i D\u0129 An B\u00ecnh D\u01b0\u01a1ng<br \/>\n&#8211; T\u1ed1t nghi\u1ec7p \u0110H\/C\u0110 chuy\u00ean ng\u00e0nh chuy\u00ean ng\u00e0nh Kinh t\u1ebf, Qu\u1ea3n tr\u1ecb kinh doanh, Marketing,..<br \/>\n&#8211; C\u00f3 kinh nghi\u1ec7m \u00edt nh\u1ea5t t\u1eeb 01 n\u0103m tr\u1edf l\u00ean chuy\u00ean v\u1ec1 kinh doanh g\u1ed7 nguy\u00ean li\u1ec7u. \u01afu ti\u00ean \u0111\u00e3 t\u1eebng c\u00f3 quan h\u1ec7 l\u00e0m vi\u1ec7c v\u1edbi c\u00e1c x\u01b0\u1edfng v\u00e0 nh\u00e0 m\u00e1y ch\u1ebf bi\u1ebfn g\u1ed7, kinh doanh v\u1ec1 c\u00e1c thi\u1ebft b\u1ecb g\u1ed7.<br \/>\nAm hi\u1ec3u v\u1ec1 c\u00e1c lo\u1ea1i g\u1ed7 v\u00e0 s\u1ea3n ph\u1ea9m g\u1ed7, t\u00ednh ch\u1ea5t v\u1ec1 g\u1ed7<br \/>\n&#8211; Am hi\u1ec3u th\u1ecb tr\u01b0\u1eddng v\u00e0 c\u00f3 m\u1ed1i quan h\u1ec7 trong ng\u00e0nh (v\u1edbi c\u00e1c C\u00f4ng ty s\u1ea3n xu\u1ea5t d\u1ed3 n\u1ed9i th\u1ea5t; C\u00f4ng ty trang tr\u00ed n\u1ed9i ngo\u1ea1i th\u1ea5t; \u0110\u1ea1i l\u00fd v\u1ec1 g\u1ed7 c\u00f4ng nghi\u1ec7p v\u00e0 v\u1eadt li\u1ec7u trang tr\u00ed n\u1ed9i th\u1ea5t)<br \/>\n&#8211; C\u00f3 k\u1ef9 n\u0103ng giao ti\u1ebfp v\u00e0 \u0111\u00e0m ph\u00e1n t\u1ed1t. Ch\u1ecbu \u0111\u01b0\u1ee3c \u00e1p l\u1ef1c cao trong c\u00f4ng vi\u1ec7c<\/div>\n<\/div>\n<div><\/div>\n<div>&#8212;&#8212;&#8212;&#8212;&#8212;&#8212;&#8212;&#8212;&#8212;<\/div>\n<div><\/div>\n<div>C\u1ea7n tuy\u1ec3n 1\u00a0 K\u1ebf to\u00e1n N\u1eef.<\/div>\n<div>\n<h3>Y\u00caU C\u1ea6U C\u00d4NG VI\u1ec6C<\/h3>\n<\/div>\n<div>&#8211; C\u00f3 tr\u00ecnh \u0111\u1ed9 chuy\u00ean m\u00f4n k\u1ebf to\u00e1n v\u00e0 b\u1eb1ng c\u1ea5p trung c\u1ea5p tr\u1edf l\u00ean v\u1ec1 chuy\u00ean ngh\u00e0nh k\u1ebf to\u00e1n.<\/div>\n<div>&#8211; Kinh nghi\u1ec7m 1 n\u0103m tr\u1edf l\u00ean<\/div>\n<div>&#8211; L\u01b0\u01a1ng th\u1ecfa thu\u1eadn<\/div>\n","protected":false},"excerpt":{"rendered":"<p>C\u1ea7n tuy\u1ec3n NV Kinh Doanh g\u1ed7. M\u00d4 T\u1ea2 C\u00d4NG VI\u1ec6C &#8211; T\u01b0 v\u1ea5n s\u1ea3n ph\u1ea9m cho kh\u00e1ch h\u00e0ng &#8211; B\u00e1o gi\u00e1, \u0111\u00e0m ph\u00e1n, k\u00ed k\u1ebft h\u1ee3p \u0111\u1ed3ng, theo d\u00f5i ti\u1ebfn \u0111\u1ed9 &#8211; Gi\u1ea3i quy\u1ebft khi\u1ebfu n\u1ea1i, thu h\u1ed3i c\u00f4ng n\u1ee3 &#8211; Ch\u0103m s\u00f3c kh\u00e1ch h\u00e0ng &#8211; L\u1eadp k\u1ebf ho\u1ea1ch b\u00e1n h\u00e0ng, g\u1eb7p g\u1ee1 kh\u00e1ch h\u00e0ng &#8211; Ph\u00e2n t\u00edch th\u1ecb tr\u01b0\u1eddng, kh\u00e1ch h\u00e0ng ti\u1ec1m n\u0103ng, \u0111\u1ec1 xu\u1ea5t gi\u1ea3i ph\u00e1p b\u00e1n h\u00e0ng &#8211; B\u00e1o c\u00e1o theo y\u00eau c\u1ea7u &#8211; C\u00f4ng vi\u1ec7c c\u1ee5 th\u1ec3 s\u1ebd trao \u0111\u1ed5i khi ph\u1ecfng v\u1ea5n Y\u00caU C\u1ea6U C\u00d4NG VI\u1ec6C &#8211; S\u1ed1 l\u01b0\u1ee3ng: 03 &#8211; Nam \/ N\u1eef tu\u1ed5i <\/p>\n","protected":false},"author":5,"featured_media":0,"parent":0,"menu_order":0,"comment_status":"closed","ping_status":"closed","template":"","meta":{"footnotes":""},"_links":{"self":[{"href":"\/index.php?rest_route=\/wp\/v2\/pages\/486"}],"collection":[{"href":"\/index.php?rest_route=\/wp\/v2\/pages"}],"about":[{"href":"\/index.php?rest_route=\/wp\/v2\/types\/page"}],"author":[{"embeddable":true,"href":"\/index.php?rest_route=\/wp\/v2\/users\/5"}],"replies":[{"embeddable":true,"href":"\/index.php?rest_route=%2Fwp%2Fv2%2Fcomments&post=486"}],"version-history":[{"count":5,"href":"\/index.php?rest_route=\/wp\/v2\/pages\/486\/revisions"}],"predecessor-version":[{"id":785,"href":"\/index.php?rest_route=\/wp\/v2\/pages\/486\/revisions\/785"}],"wp:attachment":[{"href":"\/index.php?rest_route=%2Fwp%2Fv2%2Fmedia&parent=486"}],"curies":[{"name":"wp","href":"https:\/\/api.w.org\/{rel}","templated":true}]}}