  {"id":1079,"date":"2025-04-09T11:19:28","date_gmt":"2025-04-09T04:19:28","guid":{"rendered":"\/?post_type=product&#038;p=1079"},"modified":"2025-04-09T11:25:40","modified_gmt":"2025-04-09T04:25:40","slug":"go-soi-trang-white-oa","status":"publish","type":"product","link":"\/?product=go-soi-trang-white-oa","title":{"rendered":"G\u1ed6 S\u1ed2I TR\u1eaeNG (WHITE OAK)"},"content":{"rendered":"","protected":false},"excerpt":{"rendered":"<p>G\u1ed7 s\u1ed3i tr\u1eafng (White Oak) l\u00e0 m\u1ed9t lo\u1ea1i g\u1ed7 c\u1ee9ng ph\u1ed5 bi\u1ebfn, c\u00f3 t\u00ean khoa h\u1ecdc l\u00e0 Quercus alba (s\u1ed3i M\u1ef9) v\u00e0 Quercus robur (s\u1ed3i Ch\u00e2u \u00c2u). \u0110\u00e2y l\u00e0 m\u1ed9t trong nh\u1eefng lo\u1ea1i g\u1ed7 c\u00f3 gi\u00e1 tr\u1ecb cao nh\u1edd v\u00e0o \u0111\u1ed9 b\u1ec1n, kh\u1ea3 n\u0103ng ch\u1ed1ng n\u01b0\u1edbc v\u00e0 v\u1ebb \u0111\u1eb9p t\u1ef1 nhi\u00ean c\u1ee7a v\u00e2n g\u1ed7.<\/p>\n<p><strong>1.\u00a0\u00a0\u00a0\u00a0 \u0110\u1eb7c t\u00ednh c\u1ee7a g\u1ed7 s\u1ed3i tr\u1eafng<\/strong><\/p>\n<ul>\n<li>\u0110\u1ed9 c\u1ee9ng v\u00e0 \u0111\u1ed9 b\u1ec1n: White Oak c\u00f3 \u0111\u1ed9 c\u1ee9ng cao (kho\u1ea3ng 1360 lbf tr\u00ean thang Janka), gi\u00fap n\u00f3 ch\u1ecbu l\u1ef1c t\u1ed1t, \u00edt b\u1ecb cong v\u00eanh ho\u1eb7c n\u1ee9t g\u00e3y theo th\u1eddi gian.<\/li>\n<li>Kh\u1ea3 n\u0103ng ch\u1ed1ng n\u01b0\u1edbc: G\u1ed7 c\u00f3 c\u1ea5u tr\u00fac t\u1ebf b\u00e0o d\u1ea1ng \u201ct\u1eafc ngh\u1ebdn\u201d (tyloses), gi\u00fap ng\u0103n n\u01b0\u1edbc th\u1ea5m v\u00e0o b\u00ean trong, l\u00e0m t\u0103ng kh\u1ea3 n\u0103ng ch\u1ed1ng th\u1ea5m v\u00e0 ch\u1ed1ng m\u1ee5c.<\/li>\n<li>M\u00e0u s\u1eafc: G\u1ed7 c\u00f3 m\u00e0u t\u1eeb tr\u1eafng nh\u1ea1t \u0111\u1ebfn n\u00e2u nh\u1ea1t, s\u00e1ng h\u01a1n so v\u1edbi s\u1ed3i \u0111\u1ecf (Red Oak).<\/li>\n<li>\u0110\u1ed9 co ng\u00f3t th\u1ea5p, \u00edt cong v\u00eanh khi thay \u0111\u1ed5i \u0111\u1ed9 \u1ea9m<\/li>\n<li>\u0110\u1ed9 b\u1ec1n cao, kh\u00f3 b\u1ecb m\u1ed1i m\u1ecdt v\u00e0 n\u1ea5m m\u1ed1c<\/li>\n<\/ul>\n<p>&nbsp;<\/p>\n<p><strong>2.\u00a0\u00a0\u00a0\u00a0 V\u00e2n g\u1ed7 c\u1ee7a White Oak<\/strong><\/p>\n<ul>\n<li>Ki\u1ec3u v\u00e2n th\u1eb3ng, \u0111\u1ed3ng \u0111\u1ec1u: White Oak c\u00f3 v\u00e2n g\u1ed7 th\u1eb3ng, \u0111\u1ec1u, m\u1ecbn v\u00e0 th\u01b0\u1eddng c\u00f3 c\u00e1c d\u1ea3i v\u00e2n d\u1ea1ng tia n\u1ed5i b\u1eadt.<\/li>\n<li>M\u1eaft g\u1ed7 nh\u1ecf: \u00cdt m\u1eaft g\u1ed7, gi\u00fap b\u1ec1 m\u1eb7t m\u1ecbn h\u01a1n khi ho\u00e0n thi\u1ec7n.<\/li>\n<li>Hi\u1ec7u \u1ee9ng th\u1ea9m m\u1ef9 cao: Khi s\u01a1n m\u00e0u ho\u1eb7c \u0111\u00e1nh b\u00f3ng, g\u1ed7 gi\u1eef \u0111\u01b0\u1ee3c \u0111\u1ed9 s\u1eafc n\u00e9t v\u00e0 mang l\u1ea1i v\u1ebb \u0111\u1eb9p sang tr\u1ecdng, tinh t\u1ebf.<\/li>\n<\/ul>\n<p>&nbsp;<\/p>\n<ol start=\"3\">\n<li><strong> \u1ee8ng d\u1ee5ng trong n\u1ed9i th\u1ea5t<\/strong>: G\u1ed7 s\u1ed3i tr\u1eafng \u0111\u01b0\u1ee3c \u1ee9ng d\u1ee5ng r\u1ed9ng r\u00e3i trong thi\u1ebft k\u1ebf n\u1ed9i th\u1ea5t v\u00e0 \u0111\u1ed3 g\u1ed7 cao c\u1ea5p nh\u1edd v\u00e0o \u0111\u1ed9 b\u1ec1n v\u00e0 v\u1ebb \u0111\u1eb9p t\u1ef1 nhi\u00ean:<\/li>\n<\/ol>\n<ul>\n<li>S\u00e0n g\u1ed7 : White Oak l\u00e0 l\u1ef1a ch\u1ecdn ph\u1ed5 bi\u1ebfn cho s\u00e0n g\u1ed7 v\u00ec kh\u1ea3 n\u0103ng ch\u1ecbu l\u1ef1c cao, ch\u1ed1ng n\u01b0\u1edbc t\u1ed1t v\u00e0 \u0111\u1ed9 b\u1ec1n v\u01b0\u1ee3t tr\u1ed9i.<\/li>\n<li>\u0110\u1ed3 n\u1ed9i th\u1ea5t<\/li>\n<li>B\u00e0n gh\u1ebf, t\u1ee7, gi\u01b0\u1eddng: Th\u00edch h\u1ee3p \u0111\u1ec3 s\u1ea3n xu\u1ea5t c\u00e1c s\u1ea3n ph\u1ea9m n\u1ed9i th\u1ea5t cao c\u1ea5p v\u00ec g\u1ed7 d\u1ec5 gia c\u00f4ng v\u00e0 c\u00f3 m\u00e0u s\u1eafc \u0111\u1eb9p.<\/li>\n<li>T\u1ee7 b\u1ebfp: G\u1ed7 s\u1ed3i tr\u1eafng c\u00f3 \u0111\u1ed9 c\u1ee9ng cao v\u00e0 ch\u1ed1ng n\u01b0\u1edbc t\u1ed1t, th\u00edch h\u1ee3p cho kh\u00f4ng gian b\u1ebfp.<\/li>\n<li>\u1ed0p t\u01b0\u1eddng v\u00e0 tr\u1ea7n nh\u00e0 mang l\u1ea1i v\u1ebb \u0111\u1eb9p sang tr\u1ecdng, gi\u00fap kh\u00f4ng gian \u1ea5m c\u00fang v\u00e0 hi\u1ec7n \u0111\u1ea1i.<\/li>\n<li>\u0110\u00f3ng th\u00f9ng r\u01b0\u1ee3u vang : White Oak \u0111\u01b0\u1ee3c s\u1eed d\u1ee5ng r\u1ed9ng r\u00e3i \u0111\u1ec3 l\u00e0m th\u00f9ng r\u01b0\u1ee3u v\u00ec kh\u1ea3 n\u0103ng ch\u1ed1ng th\u1ea5m v\u00e0 gi\u00fap t\u1ea1o ra h\u01b0\u01a1ng v\u1ecb \u0111\u1eb7c tr\u01b0ng cho r\u01b0\u1ee3u.<\/li>\n<li>C\u1eeda g\u1ed7 v\u00e0 c\u1ea7u thang: V\u1edbi \u0111\u1ed9 c\u1ee9ng v\u00e0 kh\u1ea3 n\u0103ng ch\u1ed1ng ch\u1ecbu th\u1eddi ti\u1ebft t\u1ed1t, White<\/li>\n<\/ul>\n<p>Oak l\u00e0 l\u1ef1a ch\u1ecdn l\u00fd t\u01b0\u1edfng cho c\u1eeda g\u1ed7 ngo\u00e0i tr\u1eddi v\u00e0 c\u1ea7u thang.<\/p>\n<p>&nbsp;<\/p>\n<ol start=\"4\">\n<li><strong> C\u00f3 m\u1ea5y lo\u1ea1i g\u1ed7 s\u1ed3i tr\u1eafng? <\/strong><\/li>\n<\/ol>\n<p>Th\u00f4ng d\u1ee5ng hi\u1ec7n nay c\u00f3 2 lo\u1ea1i l\u00e0 s\u1ed3i tr\u1eafng M\u1ef9 (American White Oak) v\u00e0 s\u1ed3i tr\u1eafng Ch\u00e2u \u00c2u (European White Oak).<\/p>\n<p><img decoding=\"async\" loading=\"lazy\" class=\"size-full wp-image-1081 aligncenter\" src=\"\/wp-content\/uploads\/2025\/04\/WO2.jpg\" alt=\"\" width=\"617\" height=\"393\" \/><\/p>\n<p>G\u1ed7 s\u1ed3i tr\u1eafng ch\u00e2u \u00c2u v\u00e0 g\u1ed7 s\u1ed3i tr\u1eafng M\u1ef9 c\u00f3 nhi\u1ec1u \u0111i\u1ec3m t\u01b0\u01a1ng \u0111\u1ed3ng nh\u01b0ng c\u0169ng c\u00f3 m\u1ed9t s\u1ed1 kh\u00e1c bi\u1ec7t quan tr\u1ecdng. D\u01b0\u1edbi \u0111\u00e2y l\u00e0 b\u1ea3ng so s\u00e1nh chi ti\u1ebft:<\/p>\n<table width=\"623\">\n<tbody>\n<tr>\n<td style=\"text-align: justify;\" width=\"208\"><strong>Ti\u00eau ch\u00ed <\/strong><\/td>\n<td style=\"text-align: justify;\" width=\"208\"><strong>G\u1ed7 s\u1ed3i tr\u1eafng M\u1ef9 <\/strong><\/td>\n<td style=\"text-align: justify;\" width=\"208\"><strong>G\u1ed7 s\u1ed3i tr\u1eafng Ch\u00e2u \u00c2u <\/strong><\/td>\n<\/tr>\n<tr>\n<td style=\"text-align: justify;\" width=\"208\"><strong>T\u00ean khoa h\u1ecdc <\/strong><\/td>\n<td style=\"text-align: justify;\" width=\"208\">Quercus alba<\/td>\n<td style=\"text-align: justify;\" width=\"208\">Quercus robur, Quercus petraea)<\/td>\n<\/tr>\n<tr>\n<td style=\"text-align: justify;\" width=\"208\"><strong>Xu\u1ea5t x\u1ee9 <\/strong><\/td>\n<td style=\"text-align: justify;\" width=\"208\">M\u1ef9, Canada<\/td>\n<td style=\"text-align: justify;\" width=\"208\">Ph\u00e1p, \u0110\u1ee9c, \u00c1o, Croatia\u2026<\/td>\n<\/tr>\n<tr>\n<td style=\"text-align: justify;\" width=\"208\"><strong>Quy c\u00e1ch <\/strong><\/td>\n<td style=\"text-align: justify;\" width=\"208\">3\/4\u2019\u2019, 4\/4\u2019\u2019, 5\/4\u2019\u2019, 6\/4\u2019\u2019,<\/p>\n<p>8\/4\u2019\u2019<\/td>\n<td style=\"text-align: justify;\" width=\"208\">19mm, 20mm, 22mm,<\/p>\n<p>26mm, 32mm, 38mm,<\/p>\n<p>50mm<\/td>\n<\/tr>\n<tr>\n<td style=\"text-align: justify;\" width=\"208\"><strong>Ch\u1ea5t l\u01b0\u1ee3ng <\/strong><\/td>\n<td style=\"text-align: justify;\" width=\"208\">FAS, #1C, #2AC, #2C,<\/p>\n<p>#3AC, #3C<\/td>\n<td style=\"text-align: justify;\" width=\"208\">AB, ABC, BC<\/td>\n<\/tr>\n<tr>\n<td style=\"text-align: justify;\" width=\"208\"><strong>M\u00e0u s\u1eafc <\/strong><\/td>\n<td style=\"text-align: justify;\" width=\"208\">S\u00e1ng h\u01a1n, t\u1eeb v\u00e0ng nh\u1ea1t \u0111\u1ebfn n\u00e2u nh\u1ea1t<\/td>\n<td style=\"text-align: justify;\" width=\"208\">\u0110\u1eadm h\u01a1n, t\u1eeb v\u00e0ng n\u00e2u \u0111\u1ebfn n\u00e2u s\u1eadm<\/td>\n<\/tr>\n<tr>\n<td style=\"text-align: justify;\" width=\"208\"><strong>V\u00e2n g\u1ed7 <\/strong><\/td>\n<td style=\"text-align: justify;\" width=\"208\">V\u00e2n th\u1eb3ng, m\u1ecbn h\u01a1n, th\u1edb g\u1ed7 d\u00e0y \u0111\u1eb7c h\u01a1n<\/td>\n<td style=\"text-align: justify;\" width=\"208\">V\u00e2n to h\u01a1n, c\u00f3 d\u1ea1ng s\u00f3ng ho\u1eb7c xo\u1eafn nh\u1eb9<\/td>\n<\/tr>\n<tr>\n<td style=\"text-align: justify;\" width=\"208\"><strong>\u0110\u1ed9 c\u1ee9ng <\/strong><\/td>\n<td style=\"text-align: justify;\" width=\"208\">C\u1ee9ng h\u01a1n s\u1ed3i ch\u00e2u \u00c2u<\/td>\n<td style=\"text-align: justify;\" width=\"208\">M\u1ec1m h\u01a1n m\u1ed9t ch\u00fat so v\u1edbi s\u1ed3i M\u1ef9<\/td>\n<\/tr>\n<tr>\n<td style=\"text-align: justify;\" width=\"208\"><strong>T\u1ef7 tr\u1ecdng (kg\/m\u00b3) <\/strong><\/td>\n<td style=\"text-align: justify;\" width=\"208\">~770 kg\/m\u00b3<\/td>\n<td style=\"text-align: justify;\" width=\"208\">~720 kg\/m\u00b3<\/td>\n<\/tr>\n<tr>\n<td style=\"text-align: justify;\" width=\"208\"><strong>\u0110\u1ed9 \u1ed5n \u0111\u1ecbnh <\/strong><\/td>\n<td style=\"text-align: justify;\" width=\"208\">\u00cdt cong v\u00eanh h\u01a1n khi kh\u00f4<\/td>\n<td style=\"text-align: justify;\" width=\"208\">C\u00f3 xu h\u01b0\u1edbng co ng\u00f3t nhi\u1ec1u h\u01a1n<\/td>\n<\/tr>\n<tr>\n<td style=\"text-align: justify;\" width=\"208\"><strong>Kh\u1ea3 n\u0103ng ch\u1ed1ng n\u01b0\u1edbc <\/strong><\/td>\n<td style=\"text-align: justify;\" width=\"208\">R\u1ea5t t\u1ed1t, d\u00f9ng \u0111\u1ec3 \u0111\u00f3ng th\u00f9ng r\u01b0\u1ee3u, s\u00e0n g\u1ed7 ngo\u00e0i tr\u1eddi<\/td>\n<td style=\"text-align: justify;\" width=\"208\">T\u1ed1t nh\u01b0ng k\u00e9m h\u01a1n s\u1ed3i M\u1ef9<\/td>\n<\/tr>\n<tr>\n<td style=\"text-align: justify;\" width=\"208\"><strong>H\u00e0m l\u01b0\u1ee3ng tannin <\/strong><\/td>\n<td style=\"text-align: justify;\" width=\"208\">Cao, gi\u00fap ch\u1ed1ng m\u1ed1i m\u1ecdt v\u00e0 m\u1ee5c n\u00e1t<\/td>\n<td style=\"text-align: justify;\" width=\"208\">C\u0169ng cao nh\u01b0ng \u00edt h\u01a1n s\u1ed3i<\/p>\n<p>M\u1ef9<\/td>\n<\/tr>\n<tr>\n<td style=\"text-align: justify;\" width=\"208\"><strong>\u1ee8ng d\u1ee5ng ch\u00ednh <\/strong><\/td>\n<td style=\"text-align: justify;\" width=\"208\">N\u1ed9i th\u1ea5t, s\u00e0n g\u1ed7, c\u1ea7u thang, c\u1eeda, \u0111\u00f3ng th\u00f9ng r\u01b0\u1ee3u<\/td>\n<td style=\"text-align: justify;\" width=\"208\">N\u1ed9i th\u1ea5t cao c\u1ea5p, v\u00e1n s\u00e0n, \u0111\u00f3ng t\u00e0u, th\u00f9ng r\u01b0\u1ee3u<\/td>\n<\/tr>\n<tr>\n<td style=\"text-align: justify;\" width=\"208\"><strong>Gi\u00e1 th\u00e0nh <\/strong><\/td>\n<td style=\"text-align: justify;\" width=\"208\">Th\u01b0\u1eddng th\u1ea5p h\u01a1n s\u1ed3i ch\u00e2u<\/p>\n<p>\u00c2u<\/td>\n<td style=\"text-align: justify;\" width=\"208\">Cao h\u01a1n do quy tr\u00ecnh x\u1eed l\u00fd g\u1ed7 ch\u00e2u \u00c2u nghi\u00eam ng\u1eb7t<\/td>\n<\/tr>\n<tr>\n<td style=\"text-align: justify;\" width=\"208\"><\/td>\n<td style=\"text-align: justify;\" width=\"208\"><\/td>\n<td style=\"text-align: justify;\" width=\"208\"><\/td>\n<\/tr>\n<\/tbody>\n<\/table>\n<p><strong>T\u00f3m t\u1eaft kh\u00e1c bi\u1ec7t ch\u00ednh: <\/strong><\/p>\n<p><strong>M\u00e0u s\u1eafc &amp; v\u00e2n g\u1ed7:<\/strong><\/p>\n<ul>\n<li style=\"list-style-type: none;\">\n<ul>\n<li>S\u1ed3i M\u1ef9 s\u00e1ng h\u01a1n, v\u00e2n g\u1ed7 m\u1ecbn h\u01a1n.<\/li>\n<li>S\u1ed3i ch\u00e2u \u00c2u c\u00f3 m\u00e0u t\u1ed1i h\u01a1n, v\u00e2n g\u1ed7 to h\u01a1n, th\u01b0\u1eddng c\u00f3 d\u1ea1ng s\u00f3ng.<\/li>\n<\/ul>\n<\/li>\n<\/ul>\n<p><strong>\u0110\u1ed9 b\u1ec1n &amp; kh\u1ea3 n\u0103ng ch\u1ed1ng n\u01b0\u1edbc:<\/strong><\/p>\n<ul>\n<li>S\u1ed3i M\u1ef9 b\u1ec1n h\u01a1n, ch\u1ed1ng n\u01b0\u1edbc t\u1ed1t h\u01a1n n\u00ean \u0111\u01b0\u1ee3c d\u00f9ng \u0111\u1ec3 l\u00e0m s\u00e0n g\u1ed7 ngo\u00e0i tr\u1eddi v\u00e0 \u0111\u00f3ng th\u00f9ng r\u01b0\u1ee3u whisky.<\/li>\n<li>S\u1ed3i ch\u00e2u \u00c2u \u00edt b\u1ec1n h\u01a1n m\u1ed9t ch\u00fat nh\u01b0ng v\u1eabn r\u1ea5t t\u1ed1t, ph\u1ed5 bi\u1ebfn trong n\u1ed9i th\u1ea5t v\u00e0 \u0111\u00f3ng t\u00e0u.<\/li>\n<\/ul>\n<p><strong>\u0110\u1ed9 c\u1ee9ng &amp; \u1ed5n \u0111\u1ecbnh:<\/strong><\/p>\n<ul>\n<li>S\u1ed3i M\u1ef9 c\u1ee9ng h\u01a1n v\u00e0 \u00edt b\u1ecb cong v\u00eanh h\u01a1n khi kh\u00f4. o S\u1ed3i ch\u00e2u \u00c2u m\u1ec1m h\u01a1n m\u1ed9t ch\u00fat v\u00e0 d\u1ec5 b\u1ecb co ng\u00f3t h\u01a1n.<\/li>\n<\/ul>\n<p><strong>\u1ee8ng d\u1ee5ng:<\/strong><\/p>\n<ul>\n<li>S\u1ed3i M\u1ef9 ph\u00f9 h\u1ee3p v\u1edbi \u0111\u1ed3 n\u1ed9i th\u1ea5t, s\u00e0n g\u1ed7, c\u1ea7u thang, th\u00f9ng r\u01b0\u1ee3u whisky.<\/li>\n<li>S\u1ed3i ch\u00e2u \u00c2u \u0111\u01b0\u1ee3c d\u00f9ng nhi\u1ec1u trong n\u1ed9i th\u1ea5t cao c\u1ea5p, s\u00e0n g\u1ed7, th\u00f9ng r\u01b0\u1ee3u vang, du thuy\u1ec1n.<\/li>\n<\/ul>\n<p><strong>Gi\u00e1 th\u00e0nh:<\/strong><\/p>\n<ul>\n<li>S\u1ed3i ch\u00e2u \u00c2u th\u01b0\u1eddng c\u00f3 gi\u00e1 cao h\u01a1n do quy tr\u00ecnh x\u1eed l\u00fd g\u1ed7 nghi\u00eam ng\u1eb7t h\u01a1n.<\/li>\n<\/ul>\n<p><img decoding=\"async\" loading=\"lazy\" class=\" wp-image-1082 aligncenter\" src=\"\/wp-content\/uploads\/2025\/04\/WO3.jpg\" alt=\"\" width=\"644\" height=\"859\" \/><\/p>\n<p>&nbsp;<\/p>\n<p><img decoding=\"async\" loading=\"lazy\" class=\" wp-image-1083 aligncenter\" src=\"\/wp-content\/uploads\/2025\/04\/WO4.jpg\" alt=\"\" width=\"674\" height=\"899\" srcset=\"\/wp-content\/uploads\/2025\/04\/WO4.jpg 900w, \/wp-content\/uploads\/2025\/04\/WO4-578x770.jpg 578w, \/wp-content\/uploads\/2025\/04\/WO4-768x1024.jpg 768w\" sizes=\"(max-width: 674px) 100vw, 674px\" \/><\/p>\n<p>&nbsp;<\/p>\n<p><strong>N\u00ean ch\u1ecdn s\u1ed3i M\u1ef9 hay s\u1ed3i ch\u00e2u \u00c2u? <\/strong><\/p>\n<ul>\n<li><strong>Ch\u1ecdn s\u1ed3i M\u1ef9<\/strong> n\u1ebfu b\u1ea1n c\u1ea7n m\u1ed9t lo\u1ea1i g\u1ed7 b\u1ec1n, c\u1ee9ng, \u00edt cong v\u00eanh, ph\u00f9 h\u1ee3p cho n\u1ed9i th\u1ea5t, s\u00e0n g\u1ed7 v\u00e0 \u0111\u00f3ng th\u00f9ng r\u01b0\u1ee3u whisky.<\/li>\n<li><strong>Ch\u1ecdn s\u1ed3i ch\u00e2u \u00c2u<\/strong> n\u1ebfu b\u1ea1n c\u1ea7n m\u1ed9t lo\u1ea1i g\u1ed7 c\u00f3 m\u00e0u s\u1eafc tr\u1ea7m \u1ea5m h\u01a1n, v\u00e2n g\u1ed7 \u0111\u1eb9p, th\u00edch h\u1ee3p cho n\u1ed9i th\u1ea5t cao c\u1ea5p ho\u1eb7c th\u00f9ng r\u01b0\u1ee3u vang.<\/li>\n<\/ul>\n<p><strong>K\u1ebft lu\u1eadn<\/strong>:\u00a0 G\u1ed7 s\u1ed3i tr\u1eafng (White Oak) l\u00e0 m\u1ed9t l\u1ef1a ch\u1ecdn tuy\u1ec7t v\u1eddi cho c\u00e1c s\u1ea3n ph\u1ea9m n\u1ed9i th\u1ea5t v\u00e0 x\u00e2y d\u1ef1ng nh\u1edd v\u00e0o \u0111\u1ed9 b\u1ec1n, t\u00ednh th\u1ea9m m\u1ef9 v\u00e0 kh\u1ea3 n\u0103ng ch\u1ed1ng n\u01b0\u1edbc t\u1ed1t. D\u00f9 gi\u00e1 th\u00e0nh cao h\u01a1n so v\u1edbi m\u1ed9t s\u1ed1 lo\u1ea1i g\u1ed7 kh\u00e1c, nh\u01b0ng gi\u00e1 tr\u1ecb l\u00e2u d\u00e0i m\u00e0 n\u00f3 mang l\u1ea1i x\u1ee9ng \u0111\u00e1ng v\u1edbi s\u1ef1 \u0111\u1ea7u t\u01b0.<\/p>\n<p>&nbsp;<\/p>\n<p>N\u1ebfu qu\u00fd kh\u00e1ch \u0111ang c\u00f3 nhu c\u1ea7u mua <strong>g\u1ed7 s\u1ed3i tr\u1eafng<\/strong> gi\u00e1 t\u1ed1t, ch\u1ea5t l\u01b0\u1ee3ng v\u1edbi \u0111\u1ea7y \u0111\u1ee7 quy c\u00e1ch th\u00ec h\u00e3y li\u00ean h\u1ec7 tr\u1ef1c ti\u1ebfp v\u1edbi G\u1ed7 Vi\u1ec7t M\u1ef9 qua s\u1ed1 hotline \u0111\u1ec3 nh\u1eadn t\u01b0 v\u1ea5n th\u00f4ng tin chi ti\u1ebft v\u1ec1 s\u1ea3n ph\u1ea9m<\/p>\n<p>&nbsp;<\/p>\n","protected":false},"featured_media":1080,"comment_status":"open","ping_status":"closed","template":"","meta":[],"_links":{"self":[{"href":"\/index.php?rest_route=\/wp\/v2\/product\/1079"}],"collection":[{"href":"\/index.php?rest_route=\/wp\/v2\/product"}],"about":[{"href":"\/index.php?rest_route=\/wp\/v2\/types\/product"}],"replies":[{"embeddable":true,"href":"\/index.php?rest_route=%2Fwp%2Fv2%2Fcomments&post=1079"}],"wp:featuredmedia":[{"embeddable":true,"href":"\/index.php?rest_route=\/wp\/v2\/media\/1080"}],"wp:attachment":[{"href":"\/index.php?rest_route=%2Fwp%2Fv2%2Fmedia&parent=1079"}],"curies":[{"name":"wp","href":"https:\/\/api.w.org\/{rel}","templated":true}]}}