  {"id":586,"date":"2017-12-27T14:11:43","date_gmt":"2017-12-27T07:11:43","guid":{"rendered":"http:\/\/localhost\/vietmywood\/?post_type=product&#038;p=586"},"modified":"2017-12-28T14:50:38","modified_gmt":"2017-12-28T07:50:38","slug":"go-soi-tron","status":"publish","type":"product","link":"\/?product=go-soi-tron","title":{"rendered":"G\u1ed7 s\u1ed3i tr\u00f2n (White Oak Logs)"},"content":{"rendered":"<p><em><strong>G\u00f4\u0303 s\u00f4\u0300i la\u0300 m\u00f4\u0323t loa\u0323i g\u00f4\u0303 \u0111\u01b0\u01a1\u0323c nh\u00e2\u0323p kh\u00e2\u0309u t\u01b0\u0300 n\u01b0\u01a1\u0301c ngoa\u0300i v\u00ea\u0300 \u0111a ph\u00e2\u0300n la\u0300 \u0111\u01b0\u01a1\u0323c nh\u00e2\u0323p kh\u00e2\u0309u t\u01b0\u0300 ch\u00e2u \u00e2u n\u00ean ch\u00e2\u0301t l\u01b0\u01a1\u0323ng r\u00e2\u0301t t\u00f4\u0301t. La\u0300 m\u00f4\u0323t loa\u0323i g\u00f4\u0303 r\u00e2\u0301t c\u01b0\u0301ng n\u00ean g\u00f4\u0303 s\u00f4\u0300i \u0111\u01b0\u01a1\u0323c du\u0300ng \u0111\u00ea\u0309 la\u0300m ca\u0301c v\u00e2\u0323t du\u0323ng trong nha\u0300 nh\u01b0 tu\u0309 gi\u01b0\u01a1\u0300ng, ba\u0300n gh\u00ea\u2026 hay co\u0300n \u0111\u00ea\u0309 la\u0300m v\u00e2\u0323t li\u00ea\u0323u x\u00e2y nha\u0300<\/strong><\/em>.<\/p>\n<p><img decoding=\"async\" class=\"aligncenter\" src=\"https:\/\/i1.wp.com\/gothonghuuich.com\/wp-content\/uploads\/2014\/09\/go-tron-soi-1-.jpg?w=1060\" alt=\"K\u1ebft qu\u1ea3 h\u00ecnh \u1ea3nh cho go s\u1ed3i tr\u00f2n\" data-recalc-dims=\"1\" \/><\/p>\n<p><strong>G\u00f4\u0303 s\u00f4\u0300i r\u00e2\u0301t b\u00ea\u0300n<\/strong>\u00a0v\u01a1\u0301i th\u01a1\u0300i gian, i\u0301t bi\u0323 m\u00f4\u0301t mo\u0323t va\u0300 m\u00f4\u0301c n\u00ean r\u00e2\u0301t \u0111\u01b0\u01a1\u0323c \u01b0a chu\u00f4\u0323ng, s\u01b0\u0309 du\u0323ng \u0111\u00f4\u0300 n\u00f4\u0323i th\u00e2\u0301t \u0111\u01b0\u01a1\u0323c la\u0300m t\u01b0\u0300 g\u00f4\u0303 s\u00f4\u0300i se\u0303 la\u0300m cho ng\u00f4i nha\u0300 cu\u0309a ba\u0323n th\u00eam ph\u00e2\u0300n ha\u0300i ho\u0300a va\u0300 \u00e2\u0301m cu\u0301ng, co\u0301 ca\u0309m gia\u0301c thoa\u0309i ma\u0301i h\u01a1n, thi\u00ean nhi\u00ean h\u01a1n.<\/p>\n<h2><strong>G\u1ed7 s\u1ed3i c\u00f3 2 lo\u1ea1i.<\/strong><\/h2>\n<p><strong><a href=\"http:\/\/cungcapgo.com\/go-soi\/\" target=\"_blank\" rel=\"noopener\">G\u00f4\u0303 s\u00f4\u0300i<\/a><\/strong>\u00a0co\u0301 hai loa\u0323i la\u0300\u00a0<strong>g\u00f4\u0303 s\u00f4\u0300i \u0111o\u0309 (red oak )<\/strong>\u00a0va\u0300\u00a0<strong>g\u00f4\u0303 s\u00f4\u0300i tr\u0103\u0301ng (white oak)<\/strong>\u00a0nh\u01b0ng \u0111\u01b0\u01a1\u0323c s\u01b0\u0309 du\u0323ng r\u00f4\u0323ng ra\u0303i va\u0300 ph\u00f4\u0309 bi\u00ea\u0301n h\u01a1n la\u0300\u00a0<strong><a href=\"http:\/\/cungcapgo.com\/san-pham\/go-soi-trang\/\" target=\"_blank\" rel=\"noopener\">g\u00f4\u0303 s\u00f4\u0300i tr\u0103\u0301ng<\/a><\/strong>\u00a0b\u01a1\u0301i nh\u01b0\u0303ng \u0111\u0103\u0323c ti\u0301nh \u01b0u vi\u00ea\u0323t cu\u0309a loa\u0323i g\u00f4\u0303 na\u0300y nh\u01b0: ch\u00e2\u0301t g\u00f4\u0303 ch\u0103\u0301c h\u01a1n, v\u00e2n g\u00f4\u0303 \u0111a da\u0323ng va\u0300 nhi\u0300n \u0111e\u0323p h\u01a1n, \u0111\u00f4\u0323 ch\u00f4\u0301ng th\u00e2\u0301m t\u00f4\u0301t h\u01a1n\u00a0<strong>g\u00f4\u0303 s\u00f4\u0300i \u0111o\u0309<\/strong>.<\/p>\n<p><img decoding=\"async\" class=\"aligncenter\" src=\"https:\/\/i1.wp.com\/gothonghuuich.com\/wp-content\/uploads\/2014\/09\/go-tron-soi.jpg?w=1060\" alt=\"H\u00ecnh \u1ea3nh c\u00f3 li\u00ean quan\" data-recalc-dims=\"1\" \/><\/p>\n<h2><strong>Gi\u00e1 mua b\u00e1n G\u1ed7 s\u1ed3i bao nhi\u00eau ti\u1ec1n 1 kh\u1ed1i.<\/strong><\/h2>\n<p>Hi\u00ea\u0323n nay tr\u00ean thi\u0323 tr\u01b0\u01a1\u0300ng g\u00f4\u0303 vi\u00ea\u0323t nam thi\u0300\u00a0<strong>g\u00f4\u0303 s\u00f4\u0300i tr\u0103\u0301ng co\u0301 gia\u0301 kha\u0301 cao<\/strong>\u00a0n\u00ean chi\u0309 co\u0301 m\u00f4\u0323t s\u00f4\u0301 doanh nghi\u00ea\u0323p co\u0301 nhu c\u00e2\u0300u v\u00ea\u0300 m\u0103\u0323t ha\u0300ng na\u0300y do \u0111o\u0301 s\u00f4\u0301 l\u01b0\u01a1\u0323ng nha\u0300 cung c\u00e2\u0301p loa\u0323i g\u00f4\u0303 na\u0300y kh\u00f4ng nhi\u00ea\u0300u nh\u01b0 ca\u0301c loa\u0323i g\u00f4\u0303 ph\u00f4\u0309 bi\u00ea\u0301n kha\u0301c.<\/p>\n<p>C\u01b0\u0309u Long Group chuy\u00ean cung c\u00e2\u0301p ca\u0301c loa\u0323i g\u00f4\u0303 bao g\u00f4\u0300m ca\u0309\u00a0<strong>g\u00f4\u0303 s\u00f4\u0300i tr\u0103\u0301ng<\/strong>\u00a0v\u01a1\u0301i gia\u0301 r\u00e2\u0301t h\u01a1\u0323p ly\u0301 so v\u01a1\u0301i thi\u0323 tr\u01b0\u01a1\u0300ng va\u0300 ch\u00e2\u0301t l\u01b0\u01a1\u0323ng ha\u0300ng r\u00e2\u0301t t\u00f4\u0301t. Vi\u0300 \u0111\u00e2y la\u0300 loa\u0323i ha\u0300ng nh\u00e2\u0323p kh\u00e2\u0309u n\u00ean ba\u0323n kh\u00f4ng th\u00ea\u0309 xem \u0111\u01b0\u01a1\u0323c ch\u00e2\u0301t l\u01b0\u01a1\u0323ng ha\u0300ng tr\u01b0\u01a1\u0301c khi nh\u00e2\u0323p v\u00ea\u0300 v\u00e2\u0323y n\u00ean tuy theo l\u00f4 ha\u0300ng se\u0303 co\u0301 ha\u0300ng x\u00e2\u0301u hay t\u00f4\u0301t \u0111\u00f4\u0300ng \u0111\u00ea\u0300u hay kh\u00f4ng \u0111\u00f4\u0300ng \u0111\u00ea\u0300u\u2026<\/p>\n<p><img decoding=\"async\" class=\"aligncenter\" src=\"https:\/\/i2.wp.com\/gothonghuuich.com\/wp-content\/uploads\/2014\/09\/go-tron-goc.jpg?w=1060\" alt=\"H\u00ecnh \u1ea3nh c\u00f3 li\u00ean quan\" data-recalc-dims=\"1\" \/><\/p>\n<p>&nbsp;<\/p>\n<p><strong>G\u00f4\u0303 s\u00f4\u0300i<\/strong>\u00a0do c\u00f4ng ty chu\u0301ng t\u00f4i cung c\u00e2\u0301p \u0111a\u0309m ba\u0309o cho ba\u0323n ch\u00e2\u0301t l\u01b0\u01a1\u0323ng nh\u01b0 ba\u0323n mong mu\u00f4\u0301n t\u00f4\u0301t b\u01a1\u0309i \u0111a\u0303 co\u0301 nhi\u00ea\u0300u n\u0103m hoa\u0323t \u0111\u00f4\u0323ng trong li\u0303nh v\u01b0\u0323c na\u0300y\u00a0<strong>C\u01b0\u0309u Long group<\/strong>\u00a0lu\u00f4n tin t\u01b0\u01a1\u0309ng va\u0300o ch\u00e2\u0301t l\u01b0\u01a1\u0323ng ngu\u00f4\u0300n ha\u0300ng khi nh\u00e2\u0323p v\u00ea\u0300 ca\u0309u ba\u0323n ha\u0300ng \u0111\u00ea\u0309 cung \u01b0\u0301ng ra thi\u0323 tr\u01b0\u01a1\u0300ng.<\/p>\n<p>V\u01a1\u0301i nhi\u00ea\u0300u \u01b0u th\u00ea\u0301 n\u00f4\u0309i b\u00e2\u0323t ca\u0301c\u00a0<strong>sa\u0309n ph\u00e2\u0309m g\u1ed7 s\u00f4\u0300i<\/strong>\u00a0ca\u0300ng nga\u0300y ca\u0300ng xu\u00e2\u0301t hi\u00ea\u0323n nhi\u00ea\u0300u trong nh\u01b0\u0303ng ng\u00f4i nha\u0300 cu\u0309a ng\u01b0\u01a1\u0300i vi\u00ea\u0323t. C\u01b0\u0309a \u0111\u01b0\u01a1\u0323c la\u0300m b\u0103\u0300ng\u00a0<strong>g\u00f4\u0303 s\u00f4\u0300i<\/strong>, sa\u0300n nha\u0300 b\u0103\u0300ng g\u00f4\u0303 s\u00f4\u0300i, tu\u0309 b\u00ea\u0301p, gi\u01b0\u01a1\u0300ng,\u2026 r\u00e2\u0301t nhi\u00ea\u0300u v\u00e2\u0323t du\u0323ng kha\u0301c n\u01b0\u0303a \u0111\u0103\u0323 bi\u00ea\u0323t la\u0300 nh\u01b0\u0303ng v\u00e2\u0323t du\u0323ng ngoa\u0300i tr\u01a1\u0300i ch\u00e2\u0301t li\u00ea\u0323u g\u00f4\u0303 thi\u0300 th\u01b0\u01a1\u0300ng th\u00e2\u0301y la\u0300 g\u00f4\u0303 s\u00f4\u0300i vi\u0300 \u0111\u0103\u0323t ti\u0301nh cu\u0309a loa\u0323i g\u00f4\u0303 na\u0300y la\u0300 ch\u00f4\u0301ng th\u00e2\u0301m t\u00f4\u0301t n\u00ean \u0111\u01b0\u01a1\u0323c \u01b0\u0301ng du\u0323ng r\u00e2\u0301t nhi\u00ea\u0300u. Co\u0301 th\u00ea\u0309 th\u00e2\u0301y\u00a0<strong>thi\u0323 tr\u01b0\u01a1\u0300ng g\u00f4\u0303 s\u00f4\u0300i<\/strong>\u00a0co\u0301 r\u00e2\u0301t nhi\u00ea\u0300u h\u01b0\u01a1\u0301ng pha\u0301t tri\u00ea\u0309n, ha\u0303y cho\u0323n c\u01b0\u0309u long group la\u0300 \u0111i\u0323a chi\u0309 cung \u1ee9ng cho ba\u0323n nh\u01b0\u0303ng nguy\u00ean li\u00ea\u0323u\u00a0<strong>g\u00f4\u0303 s\u00f4\u0300i t\u1ed1t<\/strong>\u00a0nh\u00e2\u0301t \u0111\u00ea\u0309 ta\u0323o ra nh\u01b0\u0303ng sa\u0309n ph\u00e2\u0309m t\u01b0\u0300 g\u00f4\u0303 s\u00f4\u0300i gia\u0301 tri\u0323.<\/p>\n","protected":false},"excerpt":{"rendered":"<p>G\u00f4\u0303 s\u00f4\u0300i la\u0300 m\u00f4\u0323t loa\u0323i g\u00f4\u0303 \u0111\u01b0\u01a1\u0323c nh\u00e2\u0323p kh\u00e2\u0309u t\u01b0\u0300 n\u01b0\u01a1\u0301c ngoa\u0300i v\u00ea\u0300 \u0111a ph\u00e2\u0300n la\u0300 \u0111\u01b0\u01a1\u0323c nh\u00e2\u0323p kh\u00e2\u0309u t\u01b0\u0300 ch\u00e2u \u00e2u n\u00ean ch\u00e2\u0301t l\u01b0\u01a1\u0323ng r\u00e2\u0301t t\u00f4\u0301t. La\u0300 m\u00f4\u0323t loa\u0323i g\u00f4\u0303 r\u00e2\u0301t c\u01b0\u0301ng n\u00ean g\u00f4\u0303 s\u00f4\u0300i \u0111\u01b0\u01a1\u0323c du\u0300ng \u0111\u00ea\u0309 la\u0300m ca\u0301c v\u00e2\u0323t du\u0323ng trong nha\u0300 nh\u01b0 tu\u0309 gi\u01b0\u01a1\u0300ng, ba\u0300n gh\u00ea\u2026 hay co\u0300n \u0111\u00ea\u0309 la\u0300m v\u00e2\u0323t li\u00ea\u0323u x\u00e2y nha\u0300. G\u00f4\u0303 s\u00f4\u0300i r\u00e2\u0301t b\u00ea\u0300n\u00a0v\u01a1\u0301i th\u01a1\u0300i gian, i\u0301t bi\u0323 m\u00f4\u0301t mo\u0323t va\u0300 m\u00f4\u0301c n\u00ean r\u00e2\u0301t \u0111\u01b0\u01a1\u0323c \u01b0a chu\u00f4\u0323ng, s\u01b0\u0309 du\u0323ng \u0111\u00f4\u0300 n\u00f4\u0323i th\u00e2\u0301t \u0111\u01b0\u01a1\u0323c la\u0300m t\u01b0\u0300 g\u00f4\u0303 s\u00f4\u0300i se\u0303 la\u0300m cho ng\u00f4i nha\u0300 cu\u0309a ba\u0323n th\u00eam ph\u00e2\u0300n ha\u0300i ho\u0300a va\u0300 \u00e2\u0301m cu\u0301ng, co\u0301 <\/p>\n","protected":false},"featured_media":554,"comment_status":"open","ping_status":"closed","template":"","meta":[],"_links":{"self":[{"href":"\/index.php?rest_route=\/wp\/v2\/product\/586"}],"collection":[{"href":"\/index.php?rest_route=\/wp\/v2\/product"}],"about":[{"href":"\/index.php?rest_route=\/wp\/v2\/types\/product"}],"replies":[{"embeddable":true,"href":"\/index.php?rest_route=%2Fwp%2Fv2%2Fcomments&post=586"}],"wp:featuredmedia":[{"embeddable":true,"href":"\/index.php?rest_route=\/wp\/v2\/media\/554"}],"wp:attachment":[{"href":"\/index.php?rest_route=%2Fwp%2Fv2%2Fmedia&parent=586"}],"curies":[{"name":"wp","href":"https:\/\/api.w.org\/{rel}","templated":true}]}}