  {"id":588,"date":"2017-12-27T14:14:21","date_gmt":"2017-12-27T07:14:21","guid":{"rendered":"http:\/\/localhost\/vietmywood\/?post_type=product&#038;p=588"},"modified":"2018-03-08T14:51:45","modified_gmt":"2018-03-08T07:51:45","slug":"go-oc-cho-tron","status":"publish","type":"product","link":"\/?product=go-oc-cho-tron","title":{"rendered":"G\u1ed7 \u00f3c ch\u00f3 tr\u00f2n (Black Walnut Logs)"},"content":{"rendered":"<p>Hi\u1ec7n nay vi\u1ec7c s\u1eed d\u1ee5ng\u00a0<strong>g\u1ed7 \u00d3c ch\u00f3<\/strong>\u00a0\u2013 Walnut l\u00e0m n\u1ed9i th\u1ea5t \u0111ang tang cao. \u0110\u1ed3ng th\u1eddi \u0111i\u1ec1u n\u00e0y c\u0169ng t\u1ea1o \u0111i\u1ec1u ki\u1ec7n \u0111\u1ec3 c\u00e1c s\u1ea3n ph\u1ea9m n\u1ed9i th\u1ea5t c\u00f3 ch\u1ea5t l\u01b0\u1ee3ng k\u00e9m ph\u00e1t tri\u1ec3n.Tuy nhi\u00ean r\u1ea5t kh\u00f3 \u0111\u1ec3 nh\u1eadn bi\u00eat \u0111\u00e2u l\u00e0 s\u1ea3n ph\u1ea9m t\u1ed1t \u0111\u00e2u l\u00e0 s\u1ea3n ph\u1ea9m k\u00e9m ch\u1ea5t l\u01b0\u1ee3ng n\u1ebfu b\u1ea1n kh\u00f4ng ph\u1ea3i ng\u01b0\u1eddi am hi\u1ec3u v\u1ec1 g\u1ed7 n\u1ed9i th\u1ea5t, \u0111\u1eb7c bi\u1ec7t l\u00e0\u00a0<strong>g\u1ed7 \u00d3c ch\u00f3<\/strong>. Trong b\u00e0i vi\u1ebft n\u00e0y ch\u00fang t\u00f4i s\u1ebd \u0111\u01b0a cho b\u1ea1n nh\u1eefng \u0111i\u1ec1u c\u1ea7n l\u01b0u \u00fd khi ch\u1ecdn mua \u0111\u1ed3 n\u1ed9i th\u1ea5t\u00a0<strong><a href=\"http:\/\/congtygo.com\/ban-go-oc-cho-tron-hop-xe\/\" target=\"_blank\" rel=\"noopener\">g\u1ed7 \u00f3c ch\u00f3<\/a><\/strong>\u00a0\u0111\u1ec3 tr\u00e1nh vi\u1ec7c b\u1ea1n mua ph\u1ea3i c\u00e1c s\u1ea3n ph\u1ea9m c\u00f3 ch\u1ea5t l\u01b0\u1ee3ng k\u00e9m v\u00e0 t\u00ednh th\u1ea9m m\u1ef9 th\u1ea5p.<\/p>\n<p><img decoding=\"async\" class=\"aligncenter\" src=\"https:\/\/i2.wp.com\/tanviendeco.vn\/wp-content\/uploads\/2017\/06\/3f17ae75573d022da64eceb615be8cab.jpg?w=1060\" alt=\"K\u1ebft qu\u1ea3 h\u00ecnh \u1ea3nh cho go oc cho tr\u00f2n\" data-recalc-dims=\"1\" \/><\/p>\n<p>B\u1edfi v\u00ec t\u00e2m l\u00fd ham mua h\u00e0ng r\u1ebb, r\u1ea5t nhi\u1ec1u kh\u00e1ch h\u00e0ng \u0111\u00e3 mua ph\u1ea3i s\u1ea3n ph\u1ea9m\u00a0<strong><a href=\"http:\/\/congtygo.com\/ban-go-oc-cho-tron-hop-xe\/\" target=\"_blank\" rel=\"noopener\">g\u1ed7 \u00f3c ch\u00f3 gi\u00e1 r\u1ebb<\/a><\/strong>\u00a0nh\u01b0ng ch\u1ec9 sau m\u1ed9t kho\u1ea3ng th\u1eddi gian s\u1eed d\u1ee5ng t\u1eeb v\u00e0i th\u00e1ng \u0111\u1ebfn m\u1ed9t n\u0103m, th\u00ec c\u00e1c s\u1ea3n ph\u1ea9m n\u00e0y b\u1eaft \u0111\u1ea7u xu\u1ea5t hi\u1ec7n d\u1ea5u hi\u1ec7u h\u01b0 h\u1ecfng v\u00e0 xu\u1ed1ng c\u1ea5p nghi\u00eam tr\u1ecdng nh\u01b0: g\u1ed7 b\u1ecb n\u1ee9t t\u00e9t, b\u1ecb cong v\u00eanh, kh\u1edbp n\u1ed1i b\u1ecb h\u1edf v\u00e0 r\u1eddi ra\u2026<\/p>\n<p>H\u01a1n n\u1eefa c\u00e1c s\u1ea3n ph\u1ea9m c\u00f3 ch\u1ea5t l\u01b0\u1ee3ng k\u00e9m th\u01b0\u1eddng c\u00f3 th\u1eddi gian b\u1ea3o h\u00e0nh r\u1ea5t ng\u1eafn ch\u1ec9 v\u00e0i th\u00e1ng \u0111\u1ebfn n\u1eefa n\u0103m.<\/p>\n<h2><strong>PH\u00c2N LO\u1ea0I G\u1ed6 \u00d3C CH\u00d3<\/strong><\/h2>\n<p>V\u1edbi nh\u1eefng s\u1ea3n ph\u1ea9m\u00a0<strong>g\u1ed7 \u00f3c ch\u00f3<\/strong>\u00a0l\u00e0m t\u1eeb nguy\u00ean li\u1ec7u g\u1ed7 \u201cx\u1ebb c\u00e2y\u2019\u2019 ho\u1eb7c g\u1ed7 \u201clo\u1ea1i 2, 3\u201d kh\u00f4ng \u0111\u01b0\u1ee3c s\u1ea5y t\u1ea9m \u0111\u00fang quy c\u00e1ch th\u01b0\u1eddng c\u00f3 nh\u1eefng bi\u1ec3u hi\u1ec7n nh\u01b0:<\/p>\n<p><img decoding=\"async\" class=\"aligncenter\" src=\"https:\/\/i0.wp.com\/dennisruane.com\/woodcarving\/AboutWood\/walnut\/pics\/walnutL7.jpg?w=1060\" data-recalc-dims=\"1\" \/><\/p>\n<p>\u2013 G\u1ed7 c\u00f3 \u0111\u1ed9 \u1ea9m cao: B\u1ea1n n\u00ean ki\u1ec3m tra \u0111\u1ed9 \u1ea9m c\u1ee7a kh\u1ed1i g\u1ed7 b\u1eb1ng c\u00e1ch nh\u1ecf m\u1ed9t ch\u00fat n\u01b0\u1edbc l\u00ean b\u1ec1 m\u1eb7t c\u1ee7a t\u1ea5m g\u1ed7, n\u1ebfu th\u1eddi gian n\u01b0\u1edbc ng\u1ea5m l\u00e2u th\u00ec c\u00f3 ngh\u00eca l\u00e0 kh\u1ed1i g\u1ed7 \u0111\u00f3 c\u00f3 \u0111\u1ed9 \u1ea9m t\u01b0\u01a1ng \u0111\u1ed1i l\u1edbn, ch\u01b0a \u0111\u01b0\u1ee3c s\u1ea5y kh\u00f4 v\u00e0 r\u1ea5t d\u1ec5 b\u1ecb u\u1ed1n cong, v\u00eanh v\u00e0 m\u1ed1i m\u1ecdt d\u1ec5 d\u00e0ng x\u00e2m nh\u1eadp.<\/p>\n<p>\u2013 G\u1ed7 m\u1ee7n: V\u1edbi lo\u1ea1i g\u1ed7 x\u1ebb c\u00e2y, g\u1ed7 lo\u1ea1i 2, 3 do quy tr\u00ecnh s\u1ea5y t\u1ea9m kh\u00f4ng t\u1ed1t, g\u1ed7 c\u00f3 ru\u1ed9t kh\u00e1 m\u1ec1m, d\u1ec5 m\u1ee7n v\u00e0 b\u1ea1n c\u00f3 th\u1ec3 d\u1ec5 d\u00e0ng c\u1eady \u0111\u01b0\u1ee3c b\u1eb1ng m\u00f3ng tay.<\/p>\n<h2><strong>GI\u00c1 B\u00c1N G\u1ed6 \u00d3C CH\u00d3 R\u1ea4T R\u1eba<\/strong><\/h2>\n<p>Gi\u00e1 th\u00e0nh r\u1ebb c\u0169ng l\u00e0 m\u1ed9t trong nh\u1eefng ti\u00eau ch\u00ed r\u1ea5t quan tr\u1ecdng \u0111\u1ec3 b\u1ea1n c\u00f3 th\u1ec3 ph\u00e2n bi\u1ec7t \u0111\u01b0\u1ee3c s\u1ea3n ph\u1ea9m th\u1ef1c s\u1ef1 t\u1ed1t v\u00e0 s\u1ea3n ph\u1ea9m c\u00f3 ch\u1ea5t l\u01b0\u1ee3ng k\u00e9m. Do \u0111\u00f3, v\u1edbi nh\u1eefng s\u1ea3n ph\u1ea9m c\u00f3 t\u01b0\u01a1ng \u0111\u1ed1i r\u1ebb, b\u1ea1n n\u00ean t\u1ef1 \u0111\u1eb7t c\u00e2u h\u1ecfi v\u1ec1 ch\u1ea5t l\u01b0\u1ee3ng, k\u1ef9 thu\u1eadt gia c\u00f4ng, ngu\u1ed3n g\u1ed1c xu\u1ea5t s\u1ee9 hay ch\u00ednh s\u00e1ch b\u00e1n h\u00e0ng.<\/p>\n<p><img decoding=\"async\" class=\"aligncenter\" src=\"https:\/\/i1.wp.com\/woodrichpa.com\/wp-content\/uploads\/100_02011.jpg?w=1060\" alt=\"H\u00ecnh \u1ea3nh c\u00f3 li\u00ean quan\" data-recalc-dims=\"1\" \/><\/p>\n<p><strong>G\u1ed7 \u00f3c ch\u00f3<\/strong>\u00a0hay g\u1ecdi l\u00e0\u00a0<strong>g\u1ed7 Walnut<\/strong>\u00a0\u0111\u01b0\u1ee3c chia th\u00e0nh r\u1ea5t nhi\u1ec1u lo\u1ea1i v\u00e0 m\u1ed7i lo\u1ea1i l\u00e0i c\u00f3 ch\u1ea5t l\u01b0\u1ee3ng kh\u00f4ng t\u01b0\u01a1ng \u0111\u1ed3ng. Vi\u1ec7c n\u00e0y c\u0169ng d\u1eabn \u0111\u1ebfn s\u1ef1 ch\u00eanh l\u1ec7ch v\u1ec1 gi\u00e1 th\u00e0nh. M\u1ed9t s\u1ed1 \u0111\u01a1n v\u1ecb \u0111\u00e3 s\u1eed d\u1ee5ng \u0111i\u1ec1u \u0111\u00f3 \u0111\u1ec3 c\u00f3 th\u1ec3 ph\u00e2n ph\u1ed1i g\u1ed7 k\u00e9m ch\u1ea5t l\u01b0\u1ee3ng d\u01b0\u1edbi c\u00e1i m\u00e1c cao c\u1ea5p v\u1edbi m\u1ee9c gi\u00e1 th\u1ea5p h\u01a1n c\u00e1c \u0111\u1ed1i th\u1ee7 c\u1ea1nh tranh g\u00e2y ra s\u1ef1 nh\u1ea7m l\u1eabn cho ng\u01b0\u1eddi mua. \u0110i\u1ec1u n\u00e0y \u0111\u00e1nh v\u00e0o t\u00e2m l\u00fd c\u1ee7a kh\u00e1ch h\u00e0ng n\u00ean d\u1ec5 d\u00e0ng thu h\u00fat ng\u01b0\u1eddi ti\u00eau d\u00f9ng nh\u01b0ng s\u1ea3n ph\u1ea9m l\u1ea1i nhanh ch\u00f3ng xu\u1ed1ng c\u1ea5p ch\u1ec9 sau m\u1ed9t th\u1eddi gian ng\u1eafn s\u1eed d\u1ee5ng, vi\u1ec7c n\u00e0y l\u00e0m thi\u1ec7t h\u1ea1i kh\u00f4ng h\u1ec1 nh\u1ecf \u0111\u1ebfn t\u00fai ti\u1ec1n c\u1ee7a ng\u01b0\u1eddi mua h\u00e0ng.<\/p>\n","protected":false},"excerpt":{"rendered":"<p>Hi\u1ec7n nay vi\u1ec7c s\u1eed d\u1ee5ng\u00a0g\u1ed7 \u00d3c ch\u00f3\u00a0\u2013 Walnut l\u00e0m n\u1ed9i th\u1ea5t \u0111ang tang cao. \u0110\u1ed3ng th\u1eddi \u0111i\u1ec1u n\u00e0y c\u0169ng t\u1ea1o \u0111i\u1ec1u ki\u1ec7n \u0111\u1ec3 c\u00e1c s\u1ea3n ph\u1ea9m n\u1ed9i th\u1ea5t c\u00f3 ch\u1ea5t l\u01b0\u1ee3ng k\u00e9m ph\u00e1t tri\u1ec3n.Tuy nhi\u00ean r\u1ea5t kh\u00f3 \u0111\u1ec3 nh\u1eadn bi\u00eat \u0111\u00e2u l\u00e0 s\u1ea3n ph\u1ea9m t\u1ed1t \u0111\u00e2u l\u00e0 s\u1ea3n ph\u1ea9m k\u00e9m ch\u1ea5t l\u01b0\u1ee3ng n\u1ebfu b\u1ea1n kh\u00f4ng ph\u1ea3i ng\u01b0\u1eddi am hi\u1ec3u v\u1ec1 g\u1ed7 n\u1ed9i th\u1ea5t, \u0111\u1eb7c bi\u1ec7t l\u00e0\u00a0g\u1ed7 \u00d3c ch\u00f3. Trong b\u00e0i vi\u1ebft n\u00e0y ch\u00fang t\u00f4i s\u1ebd \u0111\u01b0a cho b\u1ea1n nh\u1eefng \u0111i\u1ec1u c\u1ea7n l\u01b0u \u00fd khi ch\u1ecdn mua \u0111\u1ed3 n\u1ed9i th\u1ea5t\u00a0g\u1ed7 \u00f3c ch\u00f3\u00a0\u0111\u1ec3 tr\u00e1nh vi\u1ec7c b\u1ea1n mua ph\u1ea3i c\u00e1c s\u1ea3n ph\u1ea9m c\u00f3 <\/p>\n","protected":false},"featured_media":556,"comment_status":"open","ping_status":"closed","template":"","meta":[],"_links":{"self":[{"href":"\/index.php?rest_route=\/wp\/v2\/product\/588"}],"collection":[{"href":"\/index.php?rest_route=\/wp\/v2\/product"}],"about":[{"href":"\/index.php?rest_route=\/wp\/v2\/types\/product"}],"replies":[{"embeddable":true,"href":"\/index.php?rest_route=%2Fwp%2Fv2%2Fcomments&post=588"}],"wp:featuredmedia":[{"embeddable":true,"href":"\/index.php?rest_route=\/wp\/v2\/media\/556"}],"wp:attachment":[{"href":"\/index.php?rest_route=%2Fwp%2Fv2%2Fmedia&parent=588"}],"curies":[{"name":"wp","href":"https:\/\/api.w.org\/{rel}","templated":true}]}}