  {"id":599,"date":"2017-12-27T14:27:36","date_gmt":"2017-12-27T07:27:36","guid":{"rendered":"http:\/\/localhost\/vietmywood\/?post_type=product&#038;p=599"},"modified":"2018-10-02T21:59:43","modified_gmt":"2018-10-02T14:59:43","slug":"go-anh-dao-go-cherry-xe","status":"publish","type":"product","link":"\/?product=go-anh-dao-go-cherry-xe","title":{"rendered":"G\u1ed7 Anh \u0110\u00e0o (G\u1ed7 Cherry) x\u1ebb"},"content":{"rendered":"<p align=\"center\"><span data-mce-mark=\"1\"><strong>G\u1ed7 Anh \u0110\u00e0o (G\u1ed7 Cherry) x\u1ebb s\u1ea5y nh\u1eadp kh\u1ea9u<\/strong><\/span><\/p>\n<p><span data-mce-mark=\"1\">Anh \u0111\u00e0o Hoa K\u1ef3 (American cherry hay American black cherry) c\u00f3 t\u00ean khoa h\u1ecdc l\u00e0 Prunus serotina, ph\u00e2n b\u1ed1 kh\u1eafp mi\u1ec1n \u0111\u00f4ng Hoa K\u1ef3 v\u1edbi c\u00e1c trung t\u00e2m mua b\u00e1n g\u1ed7 l\u00e0 Pannsylvania, Virginia, West Virginia v\u00e0 New York.<\/span><\/p>\n<p align=\"center\"><img decoding=\"async\" loading=\"lazy\" src=\"https:\/\/i0.wp.com\/www.goxenhapkhau.com.vn\/contents_oc-or\/uploads\/images\/cherry\/cherry_5.jpg?resize=800%2C231\" alt=\"\" width=\"800\" height=\"231\" data-recalc-dims=\"1\" \/><\/p>\n<p align=\"center\"><span data-mce-mark=\"1\">M\u00e0u c\u1ee7a t\u00e2m g\u1ed7 thay \u0111\u1ed5i t\u1eeb \u0111\u1ecf s\u1eadm \u0111\u1ebfn n\u00e2u \u0111\u1ecf, d\u01b0\u1edbi \u00e1nh s\u00e1ng s\u1ebd chuy\u1ec3n m\u00e0u s\u1eadm h\u01a1n. Ng\u01b0\u1ee3c l\u1ea1i, t\u00e2m g\u1ed7 c\u00f3 m\u00e0u tr\u1eafng kem. V\u00e2n g\u1ed7 th\u1eb3ng, \u0111\u1ec1u, \u0111\u1eb9p; m\u1eb7t g\u1ed7 tr\u01a1n l\u00e1ng. C\u00e1c v\u1ebft \u0111\u1ed1m m\u00e0u n\u00e2u v\u00e0 c\u00e1c t\u00fai nh\u1ef1a nh\u1ecf (small gum pocket) c\u00f3 th\u1ec3 xu\u1ea5t hi\u1ec7n t\u1ef1 nhi\u00ean trong ru\u1ed9t c\u00e2y.<\/span><\/p>\n<p align=\"center\"><span data-mce-mark=\"1\"><strong><img decoding=\"async\" loading=\"lazy\" src=\"https:\/\/i2.wp.com\/www.goxenhapkhau.com.vn\/contents_oc-or\/uploads\/images\/cherry\/cherry_8.jpg?resize=800%2C533\" alt=\"\" width=\"800\" height=\"533\" data-recalc-dims=\"1\" \/><\/strong><\/span><\/p>\n<p align=\"center\"><span data-mce-mark=\"1\"><strong><img decoding=\"async\" loading=\"lazy\" src=\"https:\/\/i1.wp.com\/www.goxenhapkhau.com.vn\/contents_oc-or\/uploads\/images\/cherry\/cherry_9.jpg?resize=800%2C880\" alt=\"\" width=\"800\" height=\"880\" data-recalc-dims=\"1\" \/><\/strong><\/span><\/p>\n<p align=\"center\"><span data-mce-mark=\"1\"><strong>C\u00e1c \u0111\u1eb7c t\u00ednh \u1ee9ng d\u1ee5ng v\u1eadt l\u00fd<\/strong><\/span><\/p>\n<p><span data-mce-mark=\"1\">G\u1ed7 Anh \u0111\u00e0o d\u1ec5 c\u1eaft x\u1ebb b\u1eb1ng m\u00e1y, \u0111\u1ed9 b\u00e1m \u0111inh v\u00e0 d\u00ednh keo t\u1ed1t, sau khi \u0111\u01b0\u1ee3c ch\u00e0 nh\u00e1m, nhu\u1ed9m m\u00e0u v\u00e0 \u0111\u00e1nh b\u00f3ng, g\u1ed7 th\u00e0nh ph\u1ea9m s\u1ebd tr\u1edf n\u00ean \u0111\u1eb7c bi\u1ec7t ph\u1eb3ng \u0111\u1eb9p. G\u1ed7 kh\u00f4 kh\u00e1 nhanh, \u0111\u1ed9 co r\u00fat t\u01b0\u01a1ng \u0111\u1ed1i l\u1edbn nh\u01b0ng gi\u1eef \u0111\u01b0\u1ee3c s\u1ef1 \u1ed5n \u0111\u1ecbnh v\u1ec1 k\u00edch th\u01b0\u1edbc sau khi s\u1ea5y kh\u00f4.<\/span><\/p>\n<p><span data-mce-mark=\"1\"><img decoding=\"async\" loading=\"lazy\" src=\"https:\/\/i0.wp.com\/www.goxenhapkhau.com.vn\/contents_oc-or\/uploads\/images\/cherry\/cherry_6.jpg?resize=456%2C604\" alt=\"\" width=\"456\" height=\"604\" data-recalc-dims=\"1\" \/><\/span><\/p>\n<p><span data-mce-mark=\"1\">M\u1eadt \u0111\u1ed9 g\u1ed7 trung b\u00ecnh, s\u1ee9c ch\u1ecbu l\u1ef1c xo\u1eafn t\u1ed1t, \u0111\u1ed9 c\u1ee9ng th\u1ea5p, \u0111\u1ed9 ch\u1eafc v\u00e0 kh\u1ea3 n\u0103ng kh\u00e1ng va \u0111\u1eadp trung b\u00ecnh.<\/span><\/p>\n<p><span data-mce-mark=\"1\"><strong>\u0110\u1ed9 b\u1ec1n<\/strong><\/span><\/p>\n<p><span data-mce-mark=\"1\">Anh \u0111\u00e0o Hoa K\u1ef3 \u0111\u01b0\u1ee3c x\u1ebfp v\u00e0o lo\u1ea1i c\u00f3 kh\u1ea3 n\u0103ng kh\u00e1ng s\u00e2u \u1edf t\u00e2m g\u1ed7. D\u00e1t g\u1ed7 d\u1ec5 b\u1ecb c\u00e1c lo\u1ea1i m\u1ecdt g\u1ed7 th\u00f4ng th\u01b0\u1eddng t\u1ea5n c\u00f4ng. T\u00e2m g\u1ed7 t\u01b0\u01a1ng \u0111\u1ed1i kh\u00f4ng th\u1ea5m ch\u1ea5t b\u1ea3o qu\u1ea3n.<\/span><\/p>\n<p align=\"center\"><span data-mce-mark=\"1\"><img decoding=\"async\" loading=\"lazy\" src=\"https:\/\/i1.wp.com\/www.goxenhapkhau.com.vn\/contents_oc-or\/uploads\/images\/cherry\/cherry_7.jpg?resize=800%2C426\" alt=\"\" width=\"800\" height=\"426\" data-recalc-dims=\"1\" \/><\/span><\/p>\n<p align=\"center\"><span data-mce-mark=\"1\"><strong>Tr\u1eef l\u01b0\u1ee3ng s\u1eb5n c\u00f3<\/strong><\/span><\/p>\n<p><span data-mce-mark=\"1\">\u1ede Hoa k\u1ef3: c\u00f3 s\u1eb5n t\u00f9y theo v\u00f9ng<\/span><\/p>\n<p><span data-mce-mark=\"1\"><strong>Xu\u1ea5t kh\u1ea9u<\/strong><\/span><\/p>\n<p><span data-mce-mark=\"1\">S\u1eb5n c\u00f3 nhi\u1ec1u v\u1edbi nhi\u1ec1u th\u1ee9 h\u1ea1ng v\u00e0 \u0111\u1eb7c t\u00ednh d\u01b0\u1edbi c\u1ea3 hai d\u1ea1ng g\u1ed7 ph\u00e1ch v\u00e0 g\u1ed7 ph\u1ee7 m\u1eb7t (g\u1ed7 v\u01a1ni).<\/span><\/p>\n<p align=\"center\"><span data-mce-mark=\"1\"><strong>C\u00f4ng d\u1ee5ng ch\u00ednh<\/strong><\/span><\/p>\n<p><span data-mce-mark=\"1\">\u0110\u1ed3 g\u1ed7, t\u1ee7, g\u1ed7 ch\u1ea1m cao c\u1ea5p, t\u1ee7 b\u1ebfp, g\u1edd trang tr\u00ed, v\u00e1n l\u00f3t \u1ed1p, v\u00e1n s\u00e0n, c\u1eeda c\u00e1i, n\u1ed9i th\u1ea5t t\u00e0u thuy\u1ec1n, nh\u1ea1c c\u1ee5, g\u1ed7 ti\u1ec7n v\u00e0 g\u1ed7 kh\u1eafc.<\/span><\/p>\n<p align=\"center\"><img decoding=\"async\" loading=\"lazy\" src=\"https:\/\/i1.wp.com\/www.goxenhapkhau.com.vn\/contents_oc-or\/uploads\/images\/cherry\/cherry_4.jpg?resize=800%2C781\" alt=\"\" width=\"800\" height=\"781\" data-recalc-dims=\"1\" \/><\/p>\n<p align=\"center\"><span data-mce-mark=\"1\"><strong>Nh\u1eefng th\u00f4ng tin kh\u00e1c<\/strong><\/span><\/p>\n<p><span data-mce-mark=\"1\">Khi ti\u1ebfp x\u00fac v\u1edbi tia c\u1ef1c t\u00edm UV, c\u00e1c s\u1ea3n ph\u1ea9m t\u1eeb g\u1ed7 Anh \u0111\u00e0o v\u1edbi ph\u1ea7n ho\u00e0n thi\u1ec7n t\u1ef1 nhi\u00ean s\u1ebd c\u00f3 m\u00e0u s\u1eadm d\u1ea7n theo th\u1eddi gian. Lo\u1ea1i g\u1ed7 cao c\u1ea5p n\u00e0y th\u01b0\u1eddng c\u00f3 c\u00e1c \u0111\u1ed1t m\u1eaft kim v\u00e0 v\u1ec7t kho\u00e1ng t\u1ef1 nhi\u00ean, kh\u00f4ng ph\u1ea3i l\u00e0 khi\u1ebfm khuy\u1ebft. Quy c\u00e1ch kh\u00f4ng gi\u1edbi h\u1ea1n ph\u1ea7n d\u00e1t g\u1ed7. Ch\u00ednh v\u00ec nguy\u00ean t\u1eafc n\u00e0y c\u1ee7a NHLA m\u00e0 g\u1ed7 Anh \u0111\u00e0o \u0111\u01b0\u1ee3c b\u00e1n v\u1edbi quy c\u00e1ch t\u00e2m g\u1ed7 l\u00e0 90\/50, ngh\u0129a l\u00e0 m\u1ed9t m\u1eb7t s\u1ebd c\u00f3 90% t\u00e2m g\u1ed7 v\u00e0 c\u00f3 t\u1ed1i thi\u1ec3u 50% t\u00e2m g\u1ed7 \u1edf m\u1eb7t \u0111\u1ed1i di\u1ec7n. Tham v\u1ea5n n\u00e0h cung \u1ee9ng v\u1ec1 c\u00e1ch th\u1ee9c giao d\u1ecbch g\u1ed1 Anh \u0111\u00e0o.<\/span><\/p>\n<p><img decoding=\"async\" loading=\"lazy\" src=\"https:\/\/i1.wp.com\/www.goxenhapkhau.com.vn\/contents_oc-or\/uploads\/images\/cherry\/cherry_2.jpg?resize=800%2C926\" alt=\"\" width=\"800\" height=\"926\" data-recalc-dims=\"1\" \/><\/p>\n","protected":false},"excerpt":{"rendered":"<p>G\u1ed7 Anh \u0110\u00e0o (G\u1ed7 Cherry) x\u1ebb s\u1ea5y nh\u1eadp kh\u1ea9u Anh \u0111\u00e0o Hoa K\u1ef3 (American cherry hay American black cherry) c\u00f3 t\u00ean khoa h\u1ecdc l\u00e0 Prunus serotina, ph\u00e2n b\u1ed1 kh\u1eafp mi\u1ec1n \u0111\u00f4ng Hoa K\u1ef3 v\u1edbi c\u00e1c trung t\u00e2m mua b\u00e1n g\u1ed7 l\u00e0 Pannsylvania, Virginia, West Virginia v\u00e0 New York. M\u00e0u c\u1ee7a t\u00e2m g\u1ed7 thay \u0111\u1ed5i t\u1eeb \u0111\u1ecf s\u1eadm \u0111\u1ebfn n\u00e2u \u0111\u1ecf, d\u01b0\u1edbi \u00e1nh s\u00e1ng s\u1ebd chuy\u1ec3n m\u00e0u s\u1eadm h\u01a1n. Ng\u01b0\u1ee3c l\u1ea1i, t\u00e2m g\u1ed7 c\u00f3 m\u00e0u tr\u1eafng kem. V\u00e2n g\u1ed7 th\u1eb3ng, \u0111\u1ec1u, \u0111\u1eb9p; m\u1eb7t g\u1ed7 tr\u01a1n l\u00e1ng. C\u00e1c v\u1ebft \u0111\u1ed1m m\u00e0u n\u00e2u v\u00e0 c\u00e1c t\u00fai nh\u1ef1a nh\u1ecf (small gum pocket) c\u00f3 th\u1ec3 <\/p>\n","protected":false},"featured_media":840,"comment_status":"open","ping_status":"closed","template":"","meta":[],"_links":{"self":[{"href":"\/index.php?rest_route=\/wp\/v2\/product\/599"}],"collection":[{"href":"\/index.php?rest_route=\/wp\/v2\/product"}],"about":[{"href":"\/index.php?rest_route=\/wp\/v2\/types\/product"}],"replies":[{"embeddable":true,"href":"\/index.php?rest_route=%2Fwp%2Fv2%2Fcomments&post=599"}],"wp:featuredmedia":[{"embeddable":true,"href":"\/index.php?rest_route=\/wp\/v2\/media\/840"}],"wp:attachment":[{"href":"\/index.php?rest_route=%2Fwp%2Fv2%2Fmedia&parent=599"}],"curies":[{"name":"wp","href":"https:\/\/api.w.org\/{rel}","templated":true}]}}