  {"id":663,"date":"2017-12-28T14:18:15","date_gmt":"2017-12-28T07:18:15","guid":{"rendered":"http:\/\/govietmy.com\/?post_type=product&#038;p=663"},"modified":"2018-10-02T21:57:06","modified_gmt":"2018-10-02T14:57:06","slug":"go-oc-cho-walnut","status":"publish","type":"product","link":"\/?product=go-oc-cho-walnut","title":{"rendered":"G\u1ed7 \u00f3c ch\u00f3 (walnut)"},"content":{"rendered":"<p>T\u00ean Vi\u1ec7t Nam : G\u1ed7 \u00d3c Ch\u00f3 (Walnut)<\/p>\n<p>T\u00ean Khoa H\u1ecdc : Juglan nigra (Ngu\u1ed3n v\u00e0 b\u1ea3n quy\u1ec1n thu\u1ed9c DG Company)<\/p>\n<p><img decoding=\"async\" loading=\"lazy\" class=\"alignnone size-full wp-image-556\" src=\"https:\/\/i1.wp.com\/govietmy.com\/wp-content\/uploads\/2017\/12\/3f17ae75573d022da64eceb615be8cab.jpg?resize=1060%2C1060\" alt=\"\" width=\"1060\" height=\"1060\" srcset=\"\/wp-content\/uploads\/2017\/12\/3f17ae75573d022da64eceb615be8cab.jpg 1080w, \/wp-content\/uploads\/2017\/12\/3f17ae75573d022da64eceb615be8cab-768x768.jpg 768w, \/wp-content\/uploads\/2017\/12\/3f17ae75573d022da64eceb615be8cab-770x770.jpg 770w, \/wp-content\/uploads\/2017\/12\/3f17ae75573d022da64eceb615be8cab-75x75.jpg 75w, \/wp-content\/uploads\/2017\/12\/3f17ae75573d022da64eceb615be8cab-140x140.jpg 140w\" sizes=\"(max-width: 1060px) 100vw, 1060px\" data-recalc-dims=\"1\" \/><\/p>\n<p><strong>M\u00f4 t\u1ea3 chung:<\/strong><\/p>\n<p><em><strong>G\u1ed7 \u00f3c ch\u00f3<\/strong><\/em>\u00a0(Walnut) th\u01b0\u1eddng c\u00f3 d\u00e1t g\u1ed7 m\u00e0u\u00a0 kem, t\u00e2m g\u1ed7 m\u00e0u t\u1eeb n\u00e2u nh\u1ea1t \u0111\u1ebfn s\u00f4cola. V\u00e2n g\u1ed7 s\u00f3ng ho\u1eb7c cu\u1ed9n xo\u00e1y t\u1ea1o nh\u1eefng \u0111\u1ed1m h\u00ecnh \u0111\u1eb9p m\u1eaft v\u00e0 sang tr\u1ecdng m\u00e0 kh\u00f4ng nh\u00f3m g\u1ed7 n\u00e0o c\u00f3 \u0111\u01b0\u1ee3c.<\/p>\n<p>G\u1ed7 \u00d3c Ch\u00f3 lu\u00f4n g\u1eafn li\u1ec1n v\u1edbi nh\u1eefng th\u01b0\u01a1ng hi\u1ec7u n\u1ed5i ti\u1ebfng nh\u01b0\u00a0<strong>Rolls Royce<\/strong>,\u00a0<strong>Benley<\/strong>, hay c\u00e1c th\u01b0\u01a1ng hi\u1ec7u si\u00eau xe kh\u00e1c\u2026 nh\u1edd v\u00e0o s\u1ef1 sang tr\u1ecdng v\u00e0 y\u1ebfu t\u1ed1 th\u1ea9m m\u1ef9 c\u0169ng nh\u01b0 \u0111\u1eb7c t\u00ednh v\u1eadt l\u00fd th\u00edch nghi v\u1edbi m\u1ecdi m\u00f4i tr\u01b0\u1eddng kh\u00ed h\u1eadu kh\u1eafc nghi\u1ec7t nh\u1ea5t.<\/p>\n<p>Ng\u00e0y nay G\u1ed7 \u00d3c Ch\u00f3 \u0111\u01b0\u1ee3c \u01b0u th\u00edch v\u00e0 tin d\u00f9ng tr\u00ean kh\u1eafp th\u1ebf gi\u1edbi \u0111\u1eb7c bi\u1ec7t \u1edf c\u00e1c n\u01b0\u1edbc ph\u00e1t tri\u1ec3n nh\u01b0 \u00dd, \u0110\u1ee9c, M\u1ef9, Anh\u2026 \u1ede Vi\u1ec7t Nam G\u1ed7 \u00d3c Ch\u00f3 \u0111\u01b0\u1ee3c bi\u1ebft \u0111\u1ebfn t\u1eeb nh\u1eefng n\u0103m 2007 \u2013 2008 th\u00f4ng qua nh\u1eefng s\u1ea3n ph\u1ea9m nh\u1eadp kh\u1ea9u c\u1ee7a m\u1ed9t s\u1ed1 th\u01b0\u01a1ng hi\u1ec7u n\u01b0\u1edbc ngo\u00e0i. Tuy nhi\u00ean gi\u00e1 th\u00e0nh v\u00e0 th\u1ea9m m\u1ef9 ch\u01b0a th\u1ef1c s\u1ef1 ph\u00f9 h\u1ee3p v\u1edbi ng\u01b0\u1eddi ti\u00eau d\u00f9ng Vi\u1ec7t Nam.<\/p>\n<p>N\u1eafm b\u1eaft \u0111\u01b0\u1ee3c nhu c\u1ea7u v\u00e0 xu h\u01b0\u1edbng n\u00e0y\u00a0<a href=\"https:\/\/vietmywood.com\/\"><strong>Vi\u1ec7t M\u1ef9 Wood<\/strong>\u00a0<\/a>l\u00e0 \u0111\u01a1n v\u1ecb \u0111i \u0111\u1ea7u trong vi\u1ec7c nghi\u00ean c\u1ee9u v\u00e0 \u1ee9ng d\u1ee5ng th\u00e0nh c\u00f4ng s\u1ea3n ph\u1ea9m G\u1ed7 \u00d3c Ch\u00f3 t\u1ef1 nhi\u00ean v\u00e0o h\u1ec7 th\u1ed1ng n\u1ed9i th\u1ea5t cao c\u1ea5p.<\/p>\n<p>C\u00e1c c\u00f4ng tr\u00ecnh ph\u00f9 h\u1ee3p \u0111\u1ec3 s\u1eed d\u1ee5ng G\u1ed7 \u00d3c Ch\u00f3: Bi\u1ec7t th\u1ef1, chung c\u01b0 cao c\u1ea5p, nh\u00e0 h\u00e0ng kh\u00e1ch s\u1ea1n, ph\u00f2ng l\u00e3nh \u0111\u1ea1o\u2026<\/p>\n<p>\u1ee8ng d\u1ee5ng c\u1ee7a G\u1ed7 \u00d3c Ch\u00f3 v\u00e0o kh\u00f4ng gian n\u1ed9i th\u1ea5t r\u1ea5t \u0111a d\u1ea1ng. T\u1eeb ph\u00f2ng kh\u00e1ch, ph\u00f2ng ng\u1ee7 cho t\u1edbi kh\u00f4ng gian ph\u00f2ng b\u1ebfp hay b\u1ea5t k\u00ec m\u1ed9t kh\u00f4ng gian sang tr\u1ecdng n\u00e0o \u0111\u1ec1u c\u00f3 th\u1ec3 s\u1eed d\u1ee5ng d\u00f2ng v\u1eadt li\u1ec7u G\u1ed7 \u00d3c Ch\u00f3 cao c\u1ea5p n\u00e0y.<\/p>\n<p>M\u00e0u s\u1eafc t\u1ef1 th\u00e2n c\u1ee7a G\u1ed7 \u00f3c ch\u00f3 lu\u00f4n l\u00e0 gam m\u00e0u \u0111\u01b0\u1ee3c y\u00eau th\u00edch nh\u1ea5t tr\u00ean to\u00e0n th\u1ebf gi\u1edbi v\u00e0 t\u1ea1i Vi\u1ec7t nam.<\/p>\n<p><strong>\u0110\u1eb7c t\u00ednh \u1ee9ng d\u1ee5ng:<\/strong><\/p>\n<p>G\u1ed7 \u00f3c ch\u00f3 c\u00f3 kh\u1ea3 n\u0103ng ch\u1ecbu m\u00e1y t\u1ed1t, \u0111\u1ed9 b\u00e1m keo v\u00e0 \u1ed1c v\u00edt t\u1ed1t . G\u1ed7 gi\u1eef s\u01a1n v\u00e0 m\u00e0u nhu\u1ed9m r\u1ea5t t\u1ed1t, c\u00f3 th\u1ec3 \u0111\u00e1nh b\u00f3ng \u0111\u1ec3 tr\u1edf th\u00e0nh th\u00e0nh ph\u1ea9m ho\u00e0n h\u1ea3o. G\u1ed7 kh\u00f4 ch\u1eadm n\u00ean ng\u01b0\u1eddi s\u1ea3n xu\u1ea5t ph\u1ea3i c\u00f3 k\u1ef9 n\u0103ng hi\u1ec3u v\u1ec1 \u0111\u1eb7c t\u00ednh c\u1ee7a g\u1ed7 \u0111\u1ec3 s\u1ea3n xu\u1ea5t thao t\u00e1c m\u1ed9t c\u00e1ch h\u1ee3p l\u00fd nh\u1ea5t.<\/p>\n<p><em>\u2013 \u0110\u1eb7c t\u00ednh v\u1eadt l\u00fd:<\/em><\/p>\n<p>G\u1ed7 c\u00f3 \u0111\u1ed9 c\u1ee9ng ,\u0111\u1ed9 ch\u1ecbu l\u1ef1c u\u1ed1n xo\u1eafn v\u00e0 l\u1ef1c n\u00e9n trung b\u00ecnh, \u0111\u1ed9 ch\u1eafc th\u1ea5p nh\u01b0ng r\u1ea5t d\u1ec5 u\u1ed1n cong b\u1eb1ng h\u01a1i n\u01b0\u1edbc.<\/p>\n<p><em>\u2013 \u0110\u1ed9 b\u1ec1n:<\/em><\/p>\n<p>T\u00e2m g\u1ed7 c\u00f3 kh\u1ea3 n\u0103ng kh\u00e1ng s\u00e2u, l\u00e0 m\u1ed9t trong nh\u1eefng lo\u1ea1i g\u1ed7 c\u00f3 \u0111\u1ed9 b\u1ec1n cao ngay c\u1ea3 trong \u0111i\u1ec1u ki\u1ec7n d\u1ec5 h\u01b0 m\u1ee5c.<\/p>\n<p><strong>C\u00f4ng d\u1ee5ng ch\u00ednh:<\/strong><\/p>\n<p>\u0110\u1ed3\u00a0n\u1ed9i th\u1ea5t cao c\u1ea5p: Gi\u01b0\u1eddng,t\u1ee7 qu\u1ea7n\u00a0\u00e1o,t\u1ee7 b\u1ebfp,b\u00e0n l\u00e0m vi\u1ec7c,c\u00e1c v\u1eadt d\u1ee5ng cao c\u1ea5p trong kh\u00f4ng gian n\u1ed9i th\u1ea5t\u2026..<\/p>\n<p><em>Ngo\u00e0i ra v\u1ec1 m\u1eb7t phong th\u1ee7y G\u1ed7 \u00d3c Ch\u00f3 \u0111\u01b0\u1ee3c xem nh\u01b0 l\u00e0 m\u1ed9t lo\u1ea1i g\u1ed7 mang l\u1ea1i may m\u1eafn, sung t\u00fac v\u00e0 s\u1ee9c kh\u1ecfe cho ng\u01b0\u1eddi s\u1eed d\u1ee5ng.<\/em><\/p>\n<p><strong>M\u1ed9t s\u1ed1 s\u1ea3n ph\u1ea9m ti\u00eau bi\u1ec3u v\u1edbi G\u1ed7 \u00d3c ch\u00f3 c\u1ee7a\u00a0Vi\u1ec7t M\u1ef9 Wood<\/strong><\/p>\n<p>C\u00e1c s\u1ea3n ph\u1ea9m n\u1ed9i th\u1ea5t ti\u00eau bi\u1ec3u s\u1eed d\u1ee5ng G\u1ed7\u00a0\u00f3c ch\u00f3:<\/p>\n<p>\u2013\u00a0<strong>Ph\u00f2ng kh\u00e1ch:<\/strong>\u00a0Sofa, t\u1ee7 k\u1ec7 trang tr\u00ed, c\u1eeda th\u00f4ng ph\u00f2ng\u2026.<\/p>\n<p>\u2013\u00a0<strong>Ph\u00f2ng Ng\u1ee7:<\/strong>\u00a0Gi\u01b0\u1eddng ng\u1ee7, t\u1ee7 qu\u1ea7n \u00e1o\u2026.<\/p>\n<p><strong>G\u1ed7 \u00d3c ch\u00f3<\/strong>\u00a0l\u00e0 s\u1ea3n ph\u1ea9m cao c\u1ea5p v\u00e0 \u0111\u1eb7c bi\u1ec7t ph\u00f9 h\u1ee3p v\u1edbi phong c\u00e1ch N\u1ed9i Th\u1ea5t sang tr\u1ecdng v\u00e0 t\u1edbi t\u1ea5t c\u1ea3 nh\u1eefng ng\u01b0\u1eddi y\u00eau c\u00e1i \u0111\u1eb9p.<\/p>\n<p>&nbsp;<\/p>\n<p>Vi\u1ec7t M\u1ef9 Wood\u00a0cam k\u1ebft ch\u1ec9 s\u1eed d\u1ee5ng\u00a0<strong>100%<\/strong>\u00a0ngu\u1ed3n nguy\u00ean li\u1ec7u g\u1ed7 t\u1ef1 nhi\u00ean\u00a0nh\u1eadp kh\u1ea9u tr\u1ef1c ti\u1ebfp t\u1eeb Hoa K\u1ef3 \u0111\u00e3 \u0111\u01b0\u1ee3c ki\u1ec3m duy\u1ec7t ti\u00eau chu\u1ea9n v\u00e0 ch\u1ea5t l\u01b0\u1ee3ng cao nh\u1ea5t.\u00a0<a href=\"https:\/\/vietmywood.com\/\">Vi\u1ec7t M\u1ef9 Wood<\/a>\u00a0s\u1ebd\u00a0<strong>ho\u00e0n ti\u1ec1n 100%<\/strong>\u00a0v\u1edbi b\u1ea5t k\u1ef3 sai ph\u1ea1m n\u00e0o v\u1ec1 ngu\u1ed3n g\u1ed1c v\u00e0 ch\u1ea5t l\u01b0\u1ee3ng g\u1ed7 theo \u0111\u00fang cam k\u1ebft.\u00a0V\u00ec v\u1eady qu\u00fd kh\u00e1ch h\u00e0ng y\u00eau th\u00edch s\u1ea3n ph\u1ea9m n\u1ed9i th\u1ea5t cao c\u1ea5p n\u00e0y h\u00e3y li\u00ean h\u1ec7 tr\u01b0\u1ee3c ti\u1ebfp v\u1edbi ch\u00fang t\u00f4i:<\/p>\n","protected":false},"excerpt":{"rendered":"<p>T\u00ean Vi\u1ec7t Nam : G\u1ed7 \u00d3c Ch\u00f3 (Walnut) T\u00ean Khoa H\u1ecdc : Juglan nigra (Ngu\u1ed3n v\u00e0 b\u1ea3n quy\u1ec1n thu\u1ed9c DG Company) M\u00f4 t\u1ea3 chung: G\u1ed7 \u00f3c ch\u00f3\u00a0(Walnut) th\u01b0\u1eddng c\u00f3 d\u00e1t g\u1ed7 m\u00e0u\u00a0 kem, t\u00e2m g\u1ed7 m\u00e0u t\u1eeb n\u00e2u nh\u1ea1t \u0111\u1ebfn s\u00f4cola. V\u00e2n g\u1ed7 s\u00f3ng ho\u1eb7c cu\u1ed9n xo\u00e1y t\u1ea1o nh\u1eefng \u0111\u1ed1m h\u00ecnh \u0111\u1eb9p m\u1eaft v\u00e0 sang tr\u1ecdng m\u00e0 kh\u00f4ng nh\u00f3m g\u1ed7 n\u00e0o c\u00f3 \u0111\u01b0\u1ee3c. G\u1ed7 \u00d3c Ch\u00f3 lu\u00f4n g\u1eafn li\u1ec1n v\u1edbi nh\u1eefng th\u01b0\u01a1ng hi\u1ec7u n\u1ed5i ti\u1ebfng nh\u01b0\u00a0Rolls Royce,\u00a0Benley, hay c\u00e1c th\u01b0\u01a1ng hi\u1ec7u si\u00eau xe kh\u00e1c\u2026 nh\u1edd v\u00e0o s\u1ef1 sang tr\u1ecdng v\u00e0 y\u1ebfu t\u1ed1 th\u1ea9m m\u1ef9 c\u0169ng nh\u01b0 \u0111\u1eb7c t\u00ednh v\u1eadt l\u00fd <\/p>\n","protected":false},"featured_media":832,"comment_status":"open","ping_status":"closed","template":"","meta":[],"_links":{"self":[{"href":"\/index.php?rest_route=\/wp\/v2\/product\/663"}],"collection":[{"href":"\/index.php?rest_route=\/wp\/v2\/product"}],"about":[{"href":"\/index.php?rest_route=\/wp\/v2\/types\/product"}],"replies":[{"embeddable":true,"href":"\/index.php?rest_route=%2Fwp%2Fv2%2Fcomments&post=663"}],"wp:featuredmedia":[{"embeddable":true,"href":"\/index.php?rest_route=\/wp\/v2\/media\/832"}],"wp:attachment":[{"href":"\/index.php?rest_route=%2Fwp%2Fv2%2Fmedia&parent=663"}],"curies":[{"name":"wp","href":"https:\/\/api.w.org\/{rel}","templated":true}]}}