  {"id":672,"date":"2017-12-28T14:43:11","date_gmt":"2017-12-28T07:43:11","guid":{"rendered":"http:\/\/govietmy.com\/?post_type=product&#038;p=672"},"modified":"2018-03-04T22:31:05","modified_gmt":"2018-03-04T15:31:05","slug":"go-thong-pine","status":"publish","type":"product","link":"\/?product=go-thong-pine","title":{"rendered":"G\u1ed7 th\u00f4ng (Pine)"},"content":{"rendered":"<p><img decoding=\"async\" loading=\"lazy\" class=\" wp-image-673\" src=\"https:\/\/i2.wp.com\/govietmy.com\/wp-content\/uploads\/2017\/12\/Lumber-Rutland.jpg?resize=693%2C462\" alt=\"\" width=\"693\" height=\"462\" srcset=\"\/wp-content\/uploads\/2017\/12\/Lumber-Rutland.jpg 1440w, \/wp-content\/uploads\/2017\/12\/Lumber-Rutland-768x512.jpg 768w, \/wp-content\/uploads\/2017\/12\/Lumber-Rutland-770x513.jpg 770w\" sizes=\"(max-width: 693px) 100vw, 693px\" data-recalc-dims=\"1\" \/><\/p>\n<p><b>T\u00ean khoa h\u1ecdc g\u1ed7 th\u00f4ng:<\/b>\u00a0Pinus sylvestric\u00a0Large stack of wood planks.<\/p>\n<p><b>\u0110\u1eb7c \u0111i\u1ec3m G\u1ed7 th\u00f4ng:<\/b>\u00a0l\u00e0 lo\u1ea1i g\u1ed7 \u0111\u01b0\u1ee3c tr\u1ed3ng nhi\u1ec1u, th\u00e2n th\u1eb3ng \u0111\u1ee9ng, tr\u00f2n n\u00ean d\u1ec5 d\u00e0ng trong khai th\u00e1c c\u01b0a x\u1ebb.\u00a0 Lo\u1ea1i c\u00e2y h\u1ea1t tr\u1ea7n n\u00e0y th\u01b0\u1eddng tr\u1ed3ng nhi\u1ec1u \u1edf v\u00f9ng kh\u00ed h\u1eadu \u00f4n \u0111\u1edbi.\u00a0 T\u1ea1i Vi\u1ec7t Nam \u0111\u01b0\u1ee3c tr\u1ed3ng nhi\u1ec1u \u1edf v\u00f9ng cao nguy\u00ean,\u00a0 \u0110\u00e0 L\u1ea1t.. S\u1ed1\u00a0 l\u01b0\u1ee3ng\u00a0<b>G\u1ed7 th\u00f4ng nguy\u00ean li\u1ec7u\u00a0<\/b>tr\u00ean th\u1ecb tr\u01b0\u1eddng r\u1ea5t l\u1edbn nh\u1edd s\u1ef1 t\u0103ng tr\u01b0\u1edfng kh\u00e1 nhanh c\u1ee7a g\u1ed7.<\/p>\n<p>Ch\u1ea5t l\u01b0\u1ee3ng g\u1ed7 th\u00f4ng nguy\u00ean li\u1ec7u t\u1ed1t, gi\u00e1 g\u1ed7 kh\u00e1 m\u1ec1m. v\u00e2n g\u1ed7 b\u00f3ng, \u0111\u1eb9p n\u00ean G\u1ed7 th\u00f4ng nguy\u00ean li\u1ec7u \u0111\u01b0\u1ee3c d\u00f9ng nhi\u1ec1u trong s\u1ea3n xu\u1ea5t h\u00e0ng n\u1ed9i th\u1ea5t. c\u00e1c s\u1ea3n ph\u1ea9m l\u00e0m t\u1eeb g\u1ed7 th\u00f4ng r\u1ea5t nh\u1eb9, thu\u1eadn ti\u1ec7n trong vi\u1ec7c di \u00a0chuy\u1ec3n.<\/p>\n<p><img decoding=\"async\" loading=\"lazy\" class=\"size-medium wp-image-674 aligncenter\" src=\"https:\/\/i0.wp.com\/govietmy.com\/wp-content\/uploads\/2017\/12\/thong-tin-chi-tiet-go-thong1.jpeg?resize=380%2C285\" alt=\"\" width=\"380\" height=\"285\" data-recalc-dims=\"1\" \/><\/p>\n<p><b>C\u00f4ng d\u1ee5ng g\u1ed7 th\u00f4ng:<\/b>\u00a0d\u00f9ng trong s\u1ea3n xu\u1ea5t h\u00e0ng n\u1ed9i th\u1ea5t, b\u00e0n, t\u1ee7, gh\u1ebf, g\u1ed7 th\u00f4ng nguy\u00ean li\u1ec7u chi\u1ebfm 30% so v\u1edbi c\u00e1c lo\u1ea1i g\u1ed7 nguy\u00ean li\u1ec7u kh\u00e1c \u0111\u01b0\u1ee3c d\u00f9ng trong s\u1ea3n xu\u1ea5t\u00a0 h\u00e0ng xu\u1ea5t kh\u1ea9u, m\u1eb7t h\u00e0ng s\u1ea3n xu\u1ea5t ph\u1ed5 bi\u1ebfn l\u00e0 gi\u01b0\u1eddng t\u1ea7ng, gi\u01b0\u1eddng em b\u00e9 xu\u1ea5t sang th\u1ecb tr\u01b0\u1eddng M\u1ef9, Ch\u00e2u \u00c2u nhi\u1ec1u. T\u1ea1i Vi\u1ec7t Nam, v\u00ec gi\u00e1 th\u00e0nh kh\u00e1 m\u1ec1m so v\u1edbi c\u00e1c g\u1ed7 nguy\u00ean li\u1ec7u kh\u00e1c n\u00ean th\u01b0\u1eddng d\u00f9ng l\u00e0m b\u00e0n, gh\u1ebf,\u00a0 v\u00e1ch trang tr\u00ed trong c\u00e1c qu\u00e1n caf\u00e9, v\u00e1n s\u00e0n.<\/p>\n<p><b>Ch\u1ea5t l\u01b0\u1ee3ng: \u00a0<\/b>G\u1ed7 th\u00f4ng x\u1ebb nh\u1eadp kh\u1ea9u: Lo\u1ea1i Clear \/ COL \/ \u00a0Mill run \/ \u00a0Industry<\/p>\n","protected":false},"excerpt":{"rendered":"<p>T\u00ean khoa h\u1ecdc g\u1ed7 th\u00f4ng:\u00a0Pinus sylvestric\u00a0Large stack of wood planks. \u0110\u1eb7c \u0111i\u1ec3m G\u1ed7 th\u00f4ng:\u00a0l\u00e0 lo\u1ea1i g\u1ed7 \u0111\u01b0\u1ee3c tr\u1ed3ng nhi\u1ec1u, th\u00e2n th\u1eb3ng \u0111\u1ee9ng, tr\u00f2n n\u00ean d\u1ec5 d\u00e0ng trong khai th\u00e1c c\u01b0a x\u1ebb.\u00a0 Lo\u1ea1i c\u00e2y h\u1ea1t tr\u1ea7n n\u00e0y th\u01b0\u1eddng tr\u1ed3ng nhi\u1ec1u \u1edf v\u00f9ng kh\u00ed h\u1eadu \u00f4n \u0111\u1edbi.\u00a0 T\u1ea1i Vi\u1ec7t Nam \u0111\u01b0\u1ee3c tr\u1ed3ng nhi\u1ec1u \u1edf v\u00f9ng cao nguy\u00ean,\u00a0 \u0110\u00e0 L\u1ea1t.. S\u1ed1\u00a0 l\u01b0\u1ee3ng\u00a0G\u1ed7 th\u00f4ng nguy\u00ean li\u1ec7u\u00a0tr\u00ean th\u1ecb tr\u01b0\u1eddng r\u1ea5t l\u1edbn nh\u1edd s\u1ef1 t\u0103ng tr\u01b0\u1edfng kh\u00e1 nhanh c\u1ee7a g\u1ed7. Ch\u1ea5t l\u01b0\u1ee3ng g\u1ed7 th\u00f4ng nguy\u00ean li\u1ec7u t\u1ed1t, gi\u00e1 g\u1ed7 kh\u00e1 m\u1ec1m. v\u00e2n g\u1ed7 b\u00f3ng, \u0111\u1eb9p n\u00ean G\u1ed7 th\u00f4ng nguy\u00ean li\u1ec7u \u0111\u01b0\u1ee3c d\u00f9ng nhi\u1ec1u trong s\u1ea3n xu\u1ea5t <\/p>\n","protected":false},"featured_media":673,"comment_status":"open","ping_status":"closed","template":"","meta":[],"_links":{"self":[{"href":"\/index.php?rest_route=\/wp\/v2\/product\/672"}],"collection":[{"href":"\/index.php?rest_route=\/wp\/v2\/product"}],"about":[{"href":"\/index.php?rest_route=\/wp\/v2\/types\/product"}],"replies":[{"embeddable":true,"href":"\/index.php?rest_route=%2Fwp%2Fv2%2Fcomments&post=672"}],"wp:featuredmedia":[{"embeddable":true,"href":"\/index.php?rest_route=\/wp\/v2\/media\/673"}],"wp:attachment":[{"href":"\/index.php?rest_route=%2Fwp%2Fv2%2Fmedia&parent=672"}],"curies":[{"name":"wp","href":"https:\/\/api.w.org\/{rel}","templated":true}]}}